{"id":2462,"date":"2019-01-14T16:18:25","date_gmt":"2019-01-14T21:18:25","guid":{"rendered":"http:\/\/clariprod.com\/faqs\/"},"modified":"2022-01-06T16:48:13","modified_gmt":"2022-01-06T21:48:13","slug":"faq","status":"publish","type":"page","link":"https:\/\/clariprod.com\/fr\/faq\/","title":{"rendered":"FAQ"},"content":{"rendered":"<p><div class=\"fusion-fullwidth fullwidth-box fusion-builder-row-1 fusion-flex-container fusion-parallax-none main-page-head nonhundred-percent-fullwidth non-hundred-percent-height-scrolling\" style=\"--awb-border-radius-top-left:0px;--awb-border-radius-top-right:0px;--awb-border-radius-bottom-right:0px;--awb-border-radius-bottom-left:0px;--awb-background-color:#edeff2;--awb-background-image:url(&quot;https:\/\/clariprod.com\/wp-content\/uploads\/2020\/07\/bg_soft_grid_green_t40.png&quot;);--awb-background-size:cover;--awb-flex-wrap:wrap;\" ><div class=\"fusion-builder-row fusion-row fusion-flex-align-items-center fusion-flex-content-wrap\" style=\"max-width:1310.4px;margin-left: calc(-4% \/ 2 );margin-right: calc(-4% \/ 2 );\"><div class=\"fusion-layout-column fusion_builder_column fusion-builder-column-0 fusion_builder_column_3_4 3_4 fusion-flex-column\" style=\"--awb-bg-size:cover;--awb-width-large:75%;--awb-margin-top-large:0px;--awb-spacing-right-large:2.56%;--awb-margin-bottom-large:20px;--awb-spacing-left-large:2.56%;--awb-width-medium:100%;--awb-order-medium:0;--awb-spacing-right-medium:1.92%;--awb-spacing-left-medium:1.92%;--awb-width-small:100%;--awb-order-small:0;--awb-spacing-right-small:1.92%;--awb-spacing-left-small:1.92%;\"><div class=\"fusion-column-wrapper fusion-column-has-shadow fusion-flex-justify-content-flex-start fusion-content-layout-column\"><div class=\"fusion-title title fusion-title-1 fusion-sep-none fusion-title-text fusion-title-size-one\" style=\"--awb-font-size:40px;\"><h1 class=\"fusion-title-heading title-heading-left fusion-responsive-typography-calculated\" style=\"margin:0;font-size:1em;--fontSize:40;line-height:1.12;\">Foire aux questions<\/h1><\/div><\/div><\/div><\/div><\/div><div class=\"fusion-fullwidth fullwidth-box fusion-builder-row-2 mobile-book-demo hundred-percent-fullwidth non-hundred-percent-height-scrolling fusion-no-medium-visibility fusion-no-large-visibility\" style=\"--awb-background-blend-mode:overlay;--awb-border-radius-top-left:0px;--awb-border-radius-top-right:0px;--awb-border-radius-bottom-right:0px;--awb-border-radius-bottom-left:0px;--awb-padding-top:3%;--awb-padding-bottom:0px;--awb-margin-top:0px;--awb-margin-bottom:0px;--awb-background-color:#78bd4c;--awb-flex-wrap:wrap;\" ><div class=\"fusion-builder-row fusion-row\"><div class=\"fusion-layout-column fusion_builder_column fusion-builder-column-1 fusion_builder_column_1_1 1_1 fusion-one-full fusion-column-first fusion-column-last fusion-no-medium-visibility fusion-no-large-visibility fusion-column-inner-bg-wrapper\" style=\"--awb-padding-top:1%;--awb-padding-bottom:1%;--awb-inner-bg-size:cover;--awb-margin-bottom:0px;\"><span class=\"fusion-column-inner-bg hover-type-none\"><a class=\"fusion-column-anchor\" href=\"https:\/\/clariprod.com\/fr\/nous-joindre\/\"><span class=\"fusion-column-inner-bg-image\"><\/span><\/a><\/span><div class=\"fusion-column-wrapper fusion-column-has-shadow fusion-flex-column-wrapper-legacy\"><div class=\"fusion-text fusion-text-1\"><p style=\"text-align: center;\"><span style=\"color: #ffffff;\">Planifier une d\u00e9monstration<\/span><\/p>\n<\/div><div class=\"fusion-clearfix\"><\/div><\/div><\/div><\/div><\/div><div class=\"fusion-fullwidth fullwidth-box fusion-builder-row-3 nonhundred-percent-fullwidth non-hundred-percent-height-scrolling\" style=\"--link_color: #174568;--awb-border-radius-top-left:0px;--awb-border-radius-top-right:0px;--awb-border-radius-bottom-right:0px;--awb-border-radius-bottom-left:0px;--awb-padding-top:70px;--awb-background-color:#ffffff;--awb-flex-wrap:wrap;\" id=\"faq-toggles\" ><div class=\"fusion-builder-row fusion-row\"><div class=\"fusion-layout-column fusion_builder_column fusion-builder-column-2 fusion_builder_column_1_1 1_1 fusion-one-full fusion-column-first fusion-column-last\" style=\"--awb-bg-size:cover;\"><div class=\"fusion-column-wrapper fusion-column-has-shadow fusion-flex-column-wrapper-legacy\"><div class=\"accordian fusion-accordian\" style=\"--awb-border-size:1px;--awb-icon-size:13px;--awb-content-font-size:18px;--awb-icon-alignment:left;--awb-hover-color:#f7f8f9;--awb-border-color:#e8eaf0;--awb-background-color:#ffffff;--awb-divider-color:e8eaf0;--awb-divider-hover-color:e8eaf0;--awb-icon-color:#ffffff;--awb-title-color:#78bd4c;--awb-content-color:#5d5f64;--awb-icon-box-color:#134469;--awb-toggle-hover-accent-color:#7ebb53;--awb-title-font-family:&quot;din-2014&quot;;--awb-title-font-weight:700;--awb-title-font-style:normal;--awb-title-font-size:20px;--awb-content-font-family:&quot;din-2014&quot;;--awb-content-font-style:normal;--awb-content-font-weight:400;\"><div class=\"panel-group fusion-toggle-icon-boxed\" id=\"accordion-2462-1\"><div class=\"fusion-panel panel-default panel-8e0043f67f2fdcc18 fusion-toggle-has-divider\"><div class=\"panel-heading\"><h4 class=\"panel-title toggle\" id=\"toggle_8e0043f67f2fdcc18\"><a aria-expanded=\"false\" aria-controls=\"8e0043f67f2fdcc18\" role=\"button\" data-toggle=\"collapse\" data-target=\"#8e0043f67f2fdcc18\" href=\"#8e0043f67f2fdcc18\"><span class=\"fusion-toggle-icon-wrapper\" aria-hidden=\"true\"><i class=\"fa-fusion-box active-icon awb-icon-minus\" aria-hidden=\"true\"><\/i><i class=\"fa-fusion-box inactive-icon awb-icon-plus\" aria-hidden=\"true\"><\/i><\/span><span class=\"fusion-toggle-heading\">Nous ne sommes pas dans le secteur des mati\u00e8res plastiques, mais nous avons des employ\u00e9s qui assemblent toujours la m\u00eame pi\u00e8ce. Il s\u2019agit d\u2019un processus rapide et difficile \u00e0 suivre. Est-ce que Clariprod pourrait nous aider?<\/span><\/a><\/h4><\/div><div id=\"8e0043f67f2fdcc18\" class=\"panel-collapse collapse \" aria-labelledby=\"toggle_8e0043f67f2fdcc18\"><div class=\"panel-body toggle-content fusion-clearfix\">\n<p class=\"p1\">Oui. Clariprod est optimis\u00e9 pour la production r\u00e9p\u00e9titive, qui porte sur une seule pi\u00e8ce, toujours identique, et dont la dur\u00e9e de cycle est courte.<\/p>\n<p class=\"p1\">Pour le montage manuel, l\u2019\u00e9quipe Clariprod travaillera de concert avec vous pour d\u00e9terminer la meilleure fa\u00e7on de suivre votre processus (bouton, p\u00e9dale, scanneur, etc.).<\/p>\n<\/div><\/div><\/div><div class=\"fusion-panel panel-default panel-78bedbf3ff0f600b5 fusion-toggle-has-divider\"><div class=\"panel-heading\"><h4 class=\"panel-title toggle\" id=\"toggle_78bedbf3ff0f600b5\"><a aria-expanded=\"false\" aria-controls=\"78bedbf3ff0f600b5\" role=\"button\" data-toggle=\"collapse\" data-target=\"#78bedbf3ff0f600b5\" href=\"#78bedbf3ff0f600b5\"><span class=\"fusion-toggle-icon-wrapper\" aria-hidden=\"true\"><i class=\"fa-fusion-box active-icon awb-icon-minus\" aria-hidden=\"true\"><\/i><i class=\"fa-fusion-box inactive-icon awb-icon-plus\" aria-hidden=\"true\"><\/i><\/span><span class=\"fusion-toggle-heading\">Nous n\u2019utilisons pas de presses \u00e0 injection ou d\u2019extrudeuses, mais beaucoup de machines command\u00e9es par ordinateur. Nous produisons des pi\u00e8ces que nous mettons des heures \u00e0 assembler et souhaitons faire un suivi du processus. Est-ce que Clariprod peut nous aider?<\/span><\/a><\/h4><\/div><div id=\"78bedbf3ff0f600b5\" class=\"panel-collapse collapse \" aria-labelledby=\"toggle_78bedbf3ff0f600b5\"><div class=\"panel-body toggle-content fusion-clearfix\">\n<p>Clariprod n\u2019est pas optimis\u00e9 pour les longs cycles de production ou la production de pi\u00e8ces uniques ou sp\u00e9cialis\u00e9es. Bien que le syst\u00e8me pourrait vous \u00eatre utile, il ne s\u2019agit sans doute pas d\u2019une solution optimale pour vous.<\/p>\n<\/div><\/div><\/div><div class=\"fusion-panel panel-default panel-fef9f59eea9d44296 fusion-toggle-has-divider\"><div class=\"panel-heading\"><h4 class=\"panel-title toggle\" id=\"toggle_fef9f59eea9d44296\"><a aria-expanded=\"false\" aria-controls=\"fef9f59eea9d44296\" role=\"button\" data-toggle=\"collapse\" data-target=\"#fef9f59eea9d44296\" href=\"#fef9f59eea9d44296\"><span class=\"fusion-toggle-icon-wrapper\" aria-hidden=\"true\"><i class=\"fa-fusion-box active-icon awb-icon-minus\" aria-hidden=\"true\"><\/i><i class=\"fa-fusion-box inactive-icon awb-icon-plus\" aria-hidden=\"true\"><\/i><\/span><span class=\"fusion-toggle-heading\">Notre fonctionnement est tr\u00e8s \u00e9l\u00e9mentaire. Nous n\u2019avons ni salle de serveur ni sp\u00e9cialiste des TI, ni m\u00eame de r\u00e9seau Wi-Fi. Pouvons-nous tout de m\u00eame utiliser Clariprod?<\/span><\/a><\/h4><\/div><div id=\"fef9f59eea9d44296\" class=\"panel-collapse collapse \" aria-labelledby=\"toggle_fef9f59eea9d44296\"><div class=\"panel-body toggle-content fusion-clearfix\">\n<p>Tout \u00e0 fait. Clariprod est une solution pr\u00eate \u00e0 l\u2019emploi, et le soutien technique est compris dans les frais du syst\u00e8me et g\u00e9r\u00e9 par nous. Vos donn\u00e9es \u00e9tant toutes stock\u00e9es dans le nuage, vous n\u2019avez pas besoin de serveurs locaux. Nous pouvons m\u00eame c\u00e2bler le syst\u00e8me, de sorte que vous n\u2019avez pas besoin de Wi-Fi non plus.<\/p>\n<\/div><\/div><\/div><div class=\"fusion-panel panel-default panel-d52584cd4398ce17a fusion-toggle-has-divider\"><div class=\"panel-heading\"><h4 class=\"panel-title toggle\" id=\"toggle_d52584cd4398ce17a\"><a aria-expanded=\"false\" aria-controls=\"d52584cd4398ce17a\" role=\"button\" data-toggle=\"collapse\" data-target=\"#d52584cd4398ce17a\" href=\"#d52584cd4398ce17a\"><span class=\"fusion-toggle-icon-wrapper\" aria-hidden=\"true\"><i class=\"fa-fusion-box active-icon awb-icon-minus\" aria-hidden=\"true\"><\/i><i class=\"fa-fusion-box inactive-icon awb-icon-plus\" aria-hidden=\"true\"><\/i><\/span><span class=\"fusion-toggle-heading\">Y a-t-il des frais de mise en \u0153uvre?<\/span><\/a><\/h4><\/div><div id=\"d52584cd4398ce17a\" class=\"panel-collapse collapse \" aria-labelledby=\"toggle_d52584cd4398ce17a\"><div class=\"panel-body toggle-content fusion-clearfix\">\n<p>Non, il n\u2019y a pas de co\u00fbts cach\u00e9s ni de frais suppl\u00e9mentaires. L\u2019ensemble du soutien technique, des manuels, des consultations, etc., est compris dans les frais du syst\u00e8me. Notre<a href=\"https:\/\/clariprod.com\/fr\/?page_id=4025\"> structure de prix<\/a> est \u00e9volutive et lin\u00e9aire, ce qui vous permet de calculer vos co\u00fbts facilement et de faire prendre de l\u2019expansion \u00e0 votre installation Clariprod en tout temps.<\/p>\n<\/div><\/div><\/div><div class=\"fusion-panel panel-default panel-c1d59c35b128a5b91 fusion-toggle-has-divider\"><div class=\"panel-heading\"><h4 class=\"panel-title toggle\" id=\"toggle_c1d59c35b128a5b91\"><a aria-expanded=\"false\" aria-controls=\"c1d59c35b128a5b91\" role=\"button\" data-toggle=\"collapse\" data-target=\"#c1d59c35b128a5b91\" href=\"#c1d59c35b128a5b91\"><span class=\"fusion-toggle-icon-wrapper\" aria-hidden=\"true\"><i class=\"fa-fusion-box active-icon awb-icon-minus\" aria-hidden=\"true\"><\/i><i class=\"fa-fusion-box inactive-icon awb-icon-plus\" aria-hidden=\"true\"><\/i><\/span><span class=\"fusion-toggle-heading\">Comment puis-je connecter le tout? Qu\u2019arrive-t-il si mes appareils n\u2019ont pas d\u2019automate programmable industriel?<\/span><\/a><\/h4><\/div><div id=\"c1d59c35b128a5b91\" class=\"panel-collapse collapse \" aria-labelledby=\"toggle_c1d59c35b128a5b91\"><div class=\"panel-body toggle-content fusion-clearfix\">Le contr\u00f4leur Clariprod n\u2019a besoin que d\u2019une simple impulsion \u00e9lectrique, indiquant qu\u2019une pi\u00e8ce a \u00e9t\u00e9 fabriqu\u00e9e par l\u2019appareil sur lequel vous souhaitez exercer une surveillance. S\u2019il n\u2019y a pas d\u2019automate programmable industriel, le contr\u00f4leur Clariprod peut \u00eatre connect\u00e9 \u00e0 un relais \u00e9lectrique standard; s\u2019il n\u2019y a pas de relais \u00e9lectrique, nous pouvons en ajouter un.<\/p>\n<div class=\"fusion-button-wrapper\"><a class=\"fusion-button button-flat fusion-button-default-size button-custom fusion-button-default button-1 fusion-button-default-span fusion-button-default-type\" style=\"--button_accent_color:#ffffff;--button_accent_hover_color:#ffffff;--button_border_hover_color:#ffffff;--button_gradient_top_color:#78bd4c;--button_gradient_bottom_color:#78bd4c;--button_gradient_top_color_hover:#114469;--button_gradient_bottom_color_hover:#114469;\" target=\"_self\" href=\"\/fr\/ressources\/#installation\"><span class=\"fusion-button-text\">Installation Clariprod<\/span><\/a><\/div><\/div><\/div><\/div><div class=\"fusion-panel panel-default panel-c9a8e478678af0795 fusion-toggle-has-divider\"><div class=\"panel-heading\"><h4 class=\"panel-title toggle\" id=\"toggle_c9a8e478678af0795\"><a aria-expanded=\"false\" aria-controls=\"c9a8e478678af0795\" role=\"button\" data-toggle=\"collapse\" data-target=\"#c9a8e478678af0795\" href=\"#c9a8e478678af0795\"><span class=\"fusion-toggle-icon-wrapper\" aria-hidden=\"true\"><i class=\"fa-fusion-box active-icon awb-icon-minus\" aria-hidden=\"true\"><\/i><i class=\"fa-fusion-box inactive-icon awb-icon-plus\" aria-hidden=\"true\"><\/i><\/span><span class=\"fusion-toggle-heading\">Le syst\u00e8me Clariprod peut-il d\u00e9marrer ou arr\u00eater la production?<\/span><\/a><\/h4><\/div><div id=\"c9a8e478678af0795\" class=\"panel-collapse collapse \" aria-labelledby=\"toggle_c9a8e478678af0795\"><div class=\"panel-body toggle-content fusion-clearfix\">\n<p>Non. Clariprod vous permet de suivre et de surveiller divers aspects de votre production en temps r\u00e9el sur n\u2019importe quel appareil reli\u00e9 \u00e0 Internet, mais le syst\u00e8me ne permet pas de contr\u00f4ler la production \u00e0 distance.<\/p>\n<\/div><\/div><\/div><div class=\"fusion-panel panel-default panel-133ac545cbfae1a91 fusion-toggle-has-divider\"><div class=\"panel-heading\"><h4 class=\"panel-title toggle\" id=\"toggle_133ac545cbfae1a91\"><a aria-expanded=\"false\" aria-controls=\"133ac545cbfae1a91\" role=\"button\" data-toggle=\"collapse\" data-target=\"#133ac545cbfae1a91\" href=\"#133ac545cbfae1a91\"><span class=\"fusion-toggle-icon-wrapper\" aria-hidden=\"true\"><i class=\"fa-fusion-box active-icon awb-icon-minus\" aria-hidden=\"true\"><\/i><i class=\"fa-fusion-box inactive-icon awb-icon-plus\" aria-hidden=\"true\"><\/i><\/span><span class=\"fusion-toggle-heading\">Dans quelle mesure mes donn\u00e9es sont-elles s\u00e9curis\u00e9es?<\/span><\/a><\/h4><\/div><div id=\"133ac545cbfae1a91\" class=\"panel-collapse collapse \" aria-labelledby=\"toggle_133ac545cbfae1a91\"><div class=\"panel-body toggle-content fusion-clearfix\">\n<p>Clariprod s\u2019engage \u00e0 garder vos donn\u00e9es en s\u00e9curit\u00e9. Nous utilisons Amazon Web Services (AWS) et OVH pour l\u2019h\u00e9bergement dans le nuage, et toutes les communications avec d\u2019autres programmes (comme votre plateforme de planification des ressources d\u2019entreprise) sont r\u00e9alis\u00e9es au moyen de notre propre interface de programmation d\u2019applications. L\u2019ensemble des mesures de s\u00e9curit\u00e9 et des sauvegardes est assur\u00e9 par Clariprod et compris dans les frais du syst\u00e8me.<\/p>\n<\/div><\/div><\/div><\/div><\/div><div class=\"fusion-clearfix\"><\/div><\/div><\/div><\/div><\/div><div class=\"fusion-fullwidth fullwidth-box fusion-builder-row-4 fusion-parallax-none nonhundred-percent-fullwidth non-hundred-percent-height-scrolling\" style=\"--awb-background-blend-mode:overlay;--awb-border-radius-top-left:0px;--awb-border-radius-top-right:0px;--awb-border-radius-bottom-right:0px;--awb-border-radius-bottom-left:0px;--awb-padding-top:70px;--awb-background-color:rgba(0,0,0,0.6);--awb-background-image:linear-gradient(180deg, #edeff2 0%,rgba(255,255,255,0) 100%),url(https:\/\/clariprod.com\/wp-content\/uploads\/2020\/08\/cp_c2_background_getintouch_v2.jpg);;--awb-background-size:cover;--awb-flex-wrap:wrap;\" ><div class=\"fusion-builder-row fusion-row\"><div class=\"fusion-layout-column fusion_builder_column fusion-builder-column-3 fusion_builder_column_1_1 1_1 fusion-one-full fusion-column-first fusion-column-last homebutton\" style=\"--awb-bg-size:cover;\"><div class=\"fusion-column-wrapper fusion-column-has-shadow fusion-flex-column-wrapper-legacy\"><div class=\"fusion-title title fusion-title-2 fusion-sep-none fusion-title-text fusion-title-size-two\"><h2 class=\"fusion-title-heading title-heading-left fusion-responsive-typography-calculated\" style=\"margin:0;--fontSize:38;line-height:1.3;\"><p style=\"text-align: center;\"><span style=\"color: #ffffff;\">Avez-vous d\u2019autres questions? Nous serons heureux d\u2019y r\u00e9pondre.<\/span><\/p><\/h2><\/div><div class=\"fusion-aligncenter\"><a class=\"fusion-button button-flat button-xlarge button-custom fusion-button-default button-2 fusion-button-default-span \" style=\"--button_accent_color:#ffffff;--button_border_color:#262626;--button_accent_hover_color:#ffffff;--button_border_hover_color:#ffffff;--button_border_width-top:0px;--button_border_width-right:0px;--button_border_width-bottom:0px;--button_border_width-left:0px;--button_gradient_top_color:#78bd4c;--button_gradient_bottom_color:#78bd4c;--button_gradient_top_color_hover:#114469;--button_gradient_bottom_color_hover:#114469;\" target=\"_self\" href=\"https:\/\/clariprod.com\/fr\/contact\/\"><span class=\"fusion-button-text\">Communiquez avec nous<\/span><\/a><\/div><div class=\"fusion-clearfix\"><\/div><\/div><\/div><\/div><\/div><\/p>\n","protected":false},"excerpt":{"rendered":"","protected":false},"author":2,"featured_media":0,"parent":0,"menu_order":0,"comment_status":"closed","ping_status":"closed","template":"100-width.php","meta":{"footnotes":""},"class_list":["post-2462","page","type-page","status-publish","hentry"],"yoast_head":"<!-- This site is optimized with the Yoast SEO plugin v27.2 - https:\/\/yoast.com\/product\/yoast-seo-wordpress\/ -->\n<title>Foire aux questions | Clariprod | Surveillance de production<\/title>\n<meta name=\"description\" content=\"Nous r\u00e9pondons \u00e0 vos questions sur la s\u00e9curit\u00e9 des donn\u00e9es, les prix (aucuns frais cach\u00e9s, aucuns frais de mise en \u0153uvre), et plus encore.\" \/>\n<meta name=\"robots\" content=\"index, follow, max-snippet:-1, max-image-preview:large, max-video-preview:-1\" \/>\n<link rel=\"canonical\" href=\"https:\/\/clariprod.com\/fr\/faq\/\" \/>\n<meta property=\"og:locale\" content=\"fr_FR\" \/>\n<meta property=\"og:type\" content=\"article\" \/>\n<meta property=\"og:title\" content=\"Foire aux questions | Clariprod | Surveillance de production\" \/>\n<meta property=\"og:description\" content=\"Nous r\u00e9pondons \u00e0 vos questions sur la s\u00e9curit\u00e9 des donn\u00e9es, les prix (aucuns frais cach\u00e9s, aucuns frais de mise en \u0153uvre), et plus encore.\" \/>\n<meta property=\"og:url\" content=\"https:\/\/clariprod.com\/fr\/faq\/\" \/>\n<meta property=\"og:site_name\" content=\"Clariprod\" \/>\n<meta property=\"article:publisher\" content=\"https:\/\/www.facebook.com\/Clariprod\" \/>\n<meta property=\"article:modified_time\" content=\"2022-01-06T21:48:13+00:00\" \/>\n<meta name=\"twitter:card\" content=\"summary_large_image\" \/>\n<meta name=\"twitter:label1\" content=\"Dur\u00e9e de lecture estim\u00e9e\" \/>\n\t<meta name=\"twitter:data1\" content=\"7 minutes\" \/>\n<script type=\"application\/ld+json\" class=\"yoast-schema-graph\">{\"@context\":\"https:\/\/schema.org\",\"@graph\":[{\"@type\":\"WebPage\",\"@id\":\"https:\/\/clariprod.com\/fr\/faq\/\",\"url\":\"https:\/\/clariprod.com\/fr\/faq\/\",\"name\":\"Foire aux questions | Clariprod | Surveillance de production\",\"isPartOf\":{\"@id\":\"https:\/\/clariprod.com\/#website\"},\"datePublished\":\"2019-01-14T21:18:25+00:00\",\"dateModified\":\"2022-01-06T21:48:13+00:00\",\"description\":\"Nous r\u00e9pondons \u00e0 vos questions sur la s\u00e9curit\u00e9 des donn\u00e9es, les prix (aucuns frais cach\u00e9s, aucuns frais de mise en \u0153uvre), et plus encore.\",\"breadcrumb\":{\"@id\":\"https:\/\/clariprod.com\/fr\/faq\/#breadcrumb\"},\"inLanguage\":\"fr-FR\",\"potentialAction\":[{\"@type\":\"ReadAction\",\"target\":[\"https:\/\/clariprod.com\/fr\/faq\/\"]}]},{\"@type\":\"BreadcrumbList\",\"@id\":\"https:\/\/clariprod.com\/fr\/faq\/#breadcrumb\",\"itemListElement\":[{\"@type\":\"ListItem\",\"position\":1,\"name\":\"Home\",\"item\":\"https:\/\/clariprod.com\/fr\/\"},{\"@type\":\"ListItem\",\"position\":2,\"name\":\"FAQ\"}]},{\"@type\":\"WebSite\",\"@id\":\"https:\/\/clariprod.com\/#website\",\"url\":\"https:\/\/clariprod.com\/\",\"name\":\"Clariprod\",\"description\":\"\",\"publisher\":{\"@id\":\"https:\/\/clariprod.com\/#organization\"},\"potentialAction\":[{\"@type\":\"SearchAction\",\"target\":{\"@type\":\"EntryPoint\",\"urlTemplate\":\"https:\/\/clariprod.com\/?s={search_term_string}\"},\"query-input\":{\"@type\":\"PropertyValueSpecification\",\"valueRequired\":true,\"valueName\":\"search_term_string\"}}],\"inLanguage\":\"fr-FR\"},{\"@type\":\"Organization\",\"@id\":\"https:\/\/clariprod.com\/#organization\",\"name\":\"Clariprod\",\"url\":\"https:\/\/clariprod.com\/\",\"logo\":{\"@type\":\"ImageObject\",\"inLanguage\":\"fr-FR\",\"@id\":\"https:\/\/clariprod.com\/#\/schema\/logo\/image\/\",\"url\":\"https:\/\/clariprod.com\/wp-content\/uploads\/2020\/06\/logo_web_header_white.png\",\"contentUrl\":\"https:\/\/clariprod.com\/wp-content\/uploads\/2020\/06\/logo_web_header_white.png\",\"width\":164,\"height\":40,\"caption\":\"Clariprod\"},\"image\":{\"@id\":\"https:\/\/clariprod.com\/#\/schema\/logo\/image\/\"},\"sameAs\":[\"https:\/\/www.facebook.com\/Clariprod\",\"https:\/\/www.linkedin.com\/company\/20529035\/\",\"https:\/\/www.youtube.com\/channel\/UCnCx5VB7JBY34CRqY-5N97A\"]}]}<\/script>\n<!-- \/ Yoast SEO plugin. -->","yoast_head_json":{"title":"Foire aux questions | Clariprod | Surveillance de production","description":"Nous r\u00e9pondons \u00e0 vos questions sur la s\u00e9curit\u00e9 des donn\u00e9es, les prix (aucuns frais cach\u00e9s, aucuns frais de mise en \u0153uvre), et plus encore.","robots":{"index":"index","follow":"follow","max-snippet":"max-snippet:-1","max-image-preview":"max-image-preview:large","max-video-preview":"max-video-preview:-1"},"canonical":"https:\/\/clariprod.com\/fr\/faq\/","og_locale":"fr_FR","og_type":"article","og_title":"Foire aux questions | Clariprod | Surveillance de production","og_description":"Nous r\u00e9pondons \u00e0 vos questions sur la s\u00e9curit\u00e9 des donn\u00e9es, les prix (aucuns frais cach\u00e9s, aucuns frais de mise en \u0153uvre), et plus encore.","og_url":"https:\/\/clariprod.com\/fr\/faq\/","og_site_name":"Clariprod","article_publisher":"https:\/\/www.facebook.com\/Clariprod","article_modified_time":"2022-01-06T21:48:13+00:00","twitter_card":"summary_large_image","twitter_misc":{"Dur\u00e9e de lecture estim\u00e9e":"7 minutes"},"schema":{"@context":"https:\/\/schema.org","@graph":[{"@type":"WebPage","@id":"https:\/\/clariprod.com\/fr\/faq\/","url":"https:\/\/clariprod.com\/fr\/faq\/","name":"Foire aux questions | Clariprod | Surveillance de production","isPartOf":{"@id":"https:\/\/clariprod.com\/#website"},"datePublished":"2019-01-14T21:18:25+00:00","dateModified":"2022-01-06T21:48:13+00:00","description":"Nous r\u00e9pondons \u00e0 vos questions sur la s\u00e9curit\u00e9 des donn\u00e9es, les prix (aucuns frais cach\u00e9s, aucuns frais de mise en \u0153uvre), et plus encore.","breadcrumb":{"@id":"https:\/\/clariprod.com\/fr\/faq\/#breadcrumb"},"inLanguage":"fr-FR","potentialAction":[{"@type":"ReadAction","target":["https:\/\/clariprod.com\/fr\/faq\/"]}]},{"@type":"BreadcrumbList","@id":"https:\/\/clariprod.com\/fr\/faq\/#breadcrumb","itemListElement":[{"@type":"ListItem","position":1,"name":"Home","item":"https:\/\/clariprod.com\/fr\/"},{"@type":"ListItem","position":2,"name":"FAQ"}]},{"@type":"WebSite","@id":"https:\/\/clariprod.com\/#website","url":"https:\/\/clariprod.com\/","name":"Clariprod","description":"","publisher":{"@id":"https:\/\/clariprod.com\/#organization"},"potentialAction":[{"@type":"SearchAction","target":{"@type":"EntryPoint","urlTemplate":"https:\/\/clariprod.com\/?s={search_term_string}"},"query-input":{"@type":"PropertyValueSpecification","valueRequired":true,"valueName":"search_term_string"}}],"inLanguage":"fr-FR"},{"@type":"Organization","@id":"https:\/\/clariprod.com\/#organization","name":"Clariprod","url":"https:\/\/clariprod.com\/","logo":{"@type":"ImageObject","inLanguage":"fr-FR","@id":"https:\/\/clariprod.com\/#\/schema\/logo\/image\/","url":"https:\/\/clariprod.com\/wp-content\/uploads\/2020\/06\/logo_web_header_white.png","contentUrl":"https:\/\/clariprod.com\/wp-content\/uploads\/2020\/06\/logo_web_header_white.png","width":164,"height":40,"caption":"Clariprod"},"image":{"@id":"https:\/\/clariprod.com\/#\/schema\/logo\/image\/"},"sameAs":["https:\/\/www.facebook.com\/Clariprod","https:\/\/www.linkedin.com\/company\/20529035\/","https:\/\/www.youtube.com\/channel\/UCnCx5VB7JBY34CRqY-5N97A"]}]}},"_links":{"self":[{"href":"https:\/\/clariprod.com\/fr\/wp-json\/wp\/v2\/pages\/2462","targetHints":{"allow":["GET"]}}],"collection":[{"href":"https:\/\/clariprod.com\/fr\/wp-json\/wp\/v2\/pages"}],"about":[{"href":"https:\/\/clariprod.com\/fr\/wp-json\/wp\/v2\/types\/page"}],"author":[{"embeddable":true,"href":"https:\/\/clariprod.com\/fr\/wp-json\/wp\/v2\/users\/2"}],"replies":[{"embeddable":true,"href":"https:\/\/clariprod.com\/fr\/wp-json\/wp\/v2\/comments?post=2462"}],"version-history":[{"count":11,"href":"https:\/\/clariprod.com\/fr\/wp-json\/wp\/v2\/pages\/2462\/revisions"}],"predecessor-version":[{"id":5771,"href":"https:\/\/clariprod.com\/fr\/wp-json\/wp\/v2\/pages\/2462\/revisions\/5771"}],"wp:attachment":[{"href":"https:\/\/clariprod.com\/fr\/wp-json\/wp\/v2\/media?parent=2462"}],"curies":[{"name":"wp","href":"https:\/\/api.w.org\/{rel}","templated":true}]}}