{"id":2676,"date":"2020-09-16T09:07:05","date_gmt":"2020-09-16T13:07:05","guid":{"rendered":"http:\/\/clariprod.com\/terms-of-use\/"},"modified":"2023-02-22T19:02:27","modified_gmt":"2023-02-23T00:02:27","slug":"conditions-dutilisation","status":"publish","type":"page","link":"https:\/\/clariprod.com\/fr\/conditions-dutilisation\/","title":{"rendered":"Conditions d&rsquo;utilisation"},"content":{"rendered":"<p><div class=\"fusion-fullwidth fullwidth-box fusion-builder-row-1 fusion-flex-container fusion-parallax-none main-page-head nonhundred-percent-fullwidth non-hundred-percent-height-scrolling\" style=\"--awb-border-radius-top-left:0px;--awb-border-radius-top-right:0px;--awb-border-radius-bottom-right:0px;--awb-border-radius-bottom-left:0px;--awb-background-color:#edeff2;--awb-background-image:url(&quot;https:\/\/clariprod.com\/wp-content\/uploads\/2020\/07\/bg_soft_grid_green_t40.png&quot;);--awb-background-size:cover;--awb-flex-wrap:wrap;\" ><div class=\"fusion-builder-row fusion-row fusion-flex-align-items-center fusion-flex-content-wrap\" style=\"max-width:1310.4px;margin-left: calc(-4% \/ 2 );margin-right: calc(-4% \/ 2 );\"><div class=\"fusion-layout-column fusion_builder_column fusion-builder-column-0 fusion_builder_column_3_4 3_4 fusion-flex-column\" style=\"--awb-bg-size:cover;--awb-width-large:75%;--awb-margin-top-large:0px;--awb-spacing-right-large:2.56%;--awb-margin-bottom-large:20px;--awb-spacing-left-large:2.56%;--awb-width-medium:100%;--awb-spacing-right-medium:1.92%;--awb-spacing-left-medium:1.92%;--awb-width-small:100%;--awb-spacing-right-small:1.92%;--awb-spacing-left-small:1.92%;\"><div class=\"fusion-column-wrapper fusion-column-has-shadow fusion-flex-justify-content-flex-start fusion-content-layout-column\"><div class=\"fusion-title title fusion-title-1 fusion-sep-none fusion-title-text fusion-title-size-one\" style=\"--awb-text-color:var(--awb-color6);--awb-font-size:40px;\"><h1 class=\"fusion-title-heading title-heading-left fusion-responsive-typography-calculated\" style=\"margin:0;font-size:1em;--fontSize:40;line-height:1.12;\">Termes d&rsquo;utilisation<\/h1><\/div><\/div><\/div><\/div><\/div><div class=\"fusion-fullwidth fullwidth-box fusion-builder-row-2 has-pattern-background has-mask-background nonhundred-percent-fullwidth non-hundred-percent-height-scrolling fusion-equal-height-columns\" style=\"--awb-border-radius-top-left:0px;--awb-border-radius-top-right:0px;--awb-border-radius-bottom-right:0px;--awb-border-radius-bottom-left:0px;--awb-padding-top:70px;--awb-background-color:#ffffff;--awb-flex-wrap:wrap;\" ><div class=\"fusion-builder-row fusion-row\"><div class=\"fusion-layout-column fusion_builder_column fusion-builder-column-1 fusion_builder_column_1_1 1_1 fusion-one-full fusion-column-first fusion-column-last\" style=\"--awb-bg-size:cover;\"><div class=\"fusion-column-wrapper fusion-column-has-shadow fusion-flex-column-wrapper-legacy\"><div class=\"fusion-column-content-centered\"><div class=\"fusion-column-content\"><div class=\"fusion-text fusion-text-1\"><p>Veuillez lire attentivement ces conditions d&rsquo;utilisation du site web (\u00ab\u00a0Conditions\u00a0\u00bb, \u00ab\u00a0Conditions d&rsquo;utilisation\u00a0\u00bb) avant d&rsquo;utiliser <a href=\"https:\/\/clariprod.com\/fr\/\" target=\"_blank\" rel=\"noopener\">https:\/\/clariprod.com\/<\/a> (le \u00ab Service \u00bb). Clariprod Inc. (\u00ab\u00a0nous\u00a0\u00bb, \u00ab\u00a0notre\u00a0\u00bb ou \u00ab\u00a0nos\u00a0\u00bb) exploite le site web Clariprod (le \u00ab\u00a0Service\u00a0\u00bb). Votre acc\u00e8s et votre utilisation du Service sont bas\u00e9s sur votre acceptation et votre conformit\u00e9 \u00e0 ces conditions. Ces conditions s&rsquo;appliquent \u00e0 tous les visiteurs, utilisateurs et autres personnes qui acc\u00e8dent ou utilisent le Service. En acc\u00e9dant ou en utilisant le Service, vous acceptez d&rsquo;\u00eatre li\u00e9 par ces conditions. Si vous n&rsquo;\u00eates pas d&rsquo;accord avec une partie des conditions, vous ne pouvez pas acc\u00e9der au Service.<\/p>\n<h2>Propri\u00e9t\u00e9 intellectuelle<\/h2>\n<p>Le Service et son contenu original, ses fonctionnalit\u00e9s et sa conception restent la propri\u00e9t\u00e9 exclusive de Clariprod Inc.<\/p>\n<h2>Liens vers d&rsquo;autres sites Web<\/h2>\n<p>Notre Service peut contenir des liens vers des sites web ou des services tiers qui ne sont pas d\u00e9tenus ou contr\u00f4l\u00e9s par Clariprod Inc. Clariprod Inc. n&rsquo;a aucun contr\u00f4le sur le contenu, les politiques de confidentialit\u00e9 ou les pratiques des sites web ou des services tiers. Vous reconnaissez en outre que Clariprod Inc. ne sera pas responsable ou imputable, directement ou indirectement, de tout dommage ou perte caus\u00e9 ou pr\u00e9tendument caus\u00e9 par ou en relation avec l&rsquo;utilisation ou la fiabilit\u00e9 de tout contenu, bien ou service disponible sur ou via ces sites web ou services tiers. Nous vous conseillons vivement de lire les conditions d&rsquo;utilisation et les politiques de confidentialit\u00e9 de tout site web ou service tiers que vous visitez.<\/p>\n<h2>Loi applicable<\/h2>\n<p>Ces conditions sont r\u00e9gies et interpr\u00e9t\u00e9es conform\u00e9ment aux lois de la province de Qu\u00e9bec et aux lois du Canada applicables, sans \u00e9gard aux dispositions relatives aux conflits de lois. Notre incapacit\u00e9 \u00e0 faire valoir un droit ou une disposition de ces conditions ne sera pas consid\u00e9r\u00e9e comme une renonciation \u00e0 ces droits. Si une disposition de ces conditions est jug\u00e9e invalide ou inapplicable par un tribunal, les dispositions restantes de ces conditions resteront en vigueur. Ces conditions constituent l&rsquo;accord complet entre nous concernant notre Service et remplacent tout accord ant\u00e9rieur que nous pourrions avoir concernant le Service.<\/p>\n<h2>Modifications<\/h2>\n<p>Nous nous r\u00e9servons le droit, \u00e0 notre seule discr\u00e9tion, de modifier ou de remplacer ces conditions \u00e0 tout moment. Si une r\u00e9vision est importante, nous essaierons de fournir au moins 30 jours de pr\u00e9avis avant que de nouvelles conditions ne prennent effet. Ce qui constitue un changement important sera d\u00e9termin\u00e9 \u00e0 notre seule discr\u00e9tion. En continuant d&rsquo;acc\u00e9der ou d&rsquo;utiliser notre Service apr\u00e8s l&rsquo;entr\u00e9e en vigueur de ces r\u00e9visions, vous acceptez d&rsquo;\u00eatre li\u00e9 par les conditions r\u00e9vis\u00e9es. Si vous n&rsquo;acceptez pas les nouvelles conditions, veuillez cesser d&rsquo;utiliser le Service.<\/p>\n<h2>Contact<\/h2>\n<p>Pour toute question concernant ces conditions, veuillez nous contacter \u00e0 <a href=\"mailto:info@clariprod.com\">info@clariprod.com<\/a><br \/>\n<b>Derni\u00e8re mise \u00e0 jour: f\u00e9vrier 2023<\/b><\/p>\n<\/div><\/div><\/div><div class=\"fusion-clearfix\"><\/div><\/div><\/div><\/div><\/div><\/p>\n","protected":false},"excerpt":{"rendered":"","protected":false},"author":2,"featured_media":0,"parent":0,"menu_order":0,"comment_status":"closed","ping_status":"closed","template":"100-width.php","meta":{"footnotes":""},"class_list":["post-2676","page","type-page","status-publish","hentry"],"yoast_head":"<!-- This site is optimized with the Yoast SEO plugin v27.2 - https:\/\/yoast.com\/product\/yoast-seo-wordpress\/ -->\n<title>Conditions d&#039;utilisation - Clariprod<\/title>\n<meta name=\"description\" content=\"Les conditions d&#039;utilisation du syst\u00e8me de surveillance de production en temps r\u00e9el Clariprod, con\u00e7u pour l&#039;industrie du plastique.\" \/>\n<meta name=\"robots\" content=\"index, follow, max-snippet:-1, max-image-preview:large, max-video-preview:-1\" \/>\n<link rel=\"canonical\" href=\"https:\/\/clariprod.com\/fr\/conditions-dutilisation\/\" \/>\n<meta property=\"og:locale\" content=\"fr_FR\" \/>\n<meta property=\"og:type\" content=\"article\" \/>\n<meta property=\"og:title\" content=\"Conditions d&#039;utilisation - Clariprod\" \/>\n<meta property=\"og:description\" content=\"Les conditions d&#039;utilisation du syst\u00e8me de surveillance de production en temps r\u00e9el Clariprod, con\u00e7u pour l&#039;industrie du plastique.\" \/>\n<meta property=\"og:url\" content=\"https:\/\/clariprod.com\/fr\/conditions-dutilisation\/\" \/>\n<meta property=\"og:site_name\" content=\"Clariprod\" \/>\n<meta property=\"article:publisher\" content=\"https:\/\/www.facebook.com\/Clariprod\" \/>\n<meta property=\"article:modified_time\" content=\"2023-02-23T00:02:27+00:00\" \/>\n<meta name=\"twitter:card\" content=\"summary_large_image\" \/>\n<meta name=\"twitter:label1\" content=\"Dur\u00e9e de lecture estim\u00e9e\" \/>\n\t<meta name=\"twitter:data1\" content=\"5 minutes\" \/>\n<script type=\"application\/ld+json\" class=\"yoast-schema-graph\">{\"@context\":\"https:\/\/schema.org\",\"@graph\":[{\"@type\":\"WebPage\",\"@id\":\"https:\/\/clariprod.com\/fr\/conditions-dutilisation\/\",\"url\":\"https:\/\/clariprod.com\/fr\/conditions-dutilisation\/\",\"name\":\"Conditions d'utilisation - Clariprod\",\"isPartOf\":{\"@id\":\"https:\/\/clariprod.com\/#website\"},\"datePublished\":\"2020-09-16T13:07:05+00:00\",\"dateModified\":\"2023-02-23T00:02:27+00:00\",\"description\":\"Les conditions d'utilisation du syst\u00e8me de surveillance de production en temps r\u00e9el Clariprod, con\u00e7u pour l'industrie du plastique.\",\"breadcrumb\":{\"@id\":\"https:\/\/clariprod.com\/fr\/conditions-dutilisation\/#breadcrumb\"},\"inLanguage\":\"fr-FR\",\"potentialAction\":[{\"@type\":\"ReadAction\",\"target\":[\"https:\/\/clariprod.com\/fr\/conditions-dutilisation\/\"]}]},{\"@type\":\"BreadcrumbList\",\"@id\":\"https:\/\/clariprod.com\/fr\/conditions-dutilisation\/#breadcrumb\",\"itemListElement\":[{\"@type\":\"ListItem\",\"position\":1,\"name\":\"Home\",\"item\":\"https:\/\/clariprod.com\/fr\/\"},{\"@type\":\"ListItem\",\"position\":2,\"name\":\"Conditions d&rsquo;utilisation\"}]},{\"@type\":\"WebSite\",\"@id\":\"https:\/\/clariprod.com\/#website\",\"url\":\"https:\/\/clariprod.com\/\",\"name\":\"Clariprod\",\"description\":\"\",\"publisher\":{\"@id\":\"https:\/\/clariprod.com\/#organization\"},\"potentialAction\":[{\"@type\":\"SearchAction\",\"target\":{\"@type\":\"EntryPoint\",\"urlTemplate\":\"https:\/\/clariprod.com\/?s={search_term_string}\"},\"query-input\":{\"@type\":\"PropertyValueSpecification\",\"valueRequired\":true,\"valueName\":\"search_term_string\"}}],\"inLanguage\":\"fr-FR\"},{\"@type\":\"Organization\",\"@id\":\"https:\/\/clariprod.com\/#organization\",\"name\":\"Clariprod\",\"url\":\"https:\/\/clariprod.com\/\",\"logo\":{\"@type\":\"ImageObject\",\"inLanguage\":\"fr-FR\",\"@id\":\"https:\/\/clariprod.com\/#\/schema\/logo\/image\/\",\"url\":\"https:\/\/clariprod.com\/wp-content\/uploads\/2020\/06\/logo_web_header_white.png\",\"contentUrl\":\"https:\/\/clariprod.com\/wp-content\/uploads\/2020\/06\/logo_web_header_white.png\",\"width\":164,\"height\":40,\"caption\":\"Clariprod\"},\"image\":{\"@id\":\"https:\/\/clariprod.com\/#\/schema\/logo\/image\/\"},\"sameAs\":[\"https:\/\/www.facebook.com\/Clariprod\",\"https:\/\/www.linkedin.com\/company\/20529035\/\",\"https:\/\/www.youtube.com\/channel\/UCnCx5VB7JBY34CRqY-5N97A\"]}]}<\/script>\n<!-- \/ Yoast SEO plugin. -->","yoast_head_json":{"title":"Conditions d'utilisation - Clariprod","description":"Les conditions d'utilisation du syst\u00e8me de surveillance de production en temps r\u00e9el Clariprod, con\u00e7u pour l'industrie du plastique.","robots":{"index":"index","follow":"follow","max-snippet":"max-snippet:-1","max-image-preview":"max-image-preview:large","max-video-preview":"max-video-preview:-1"},"canonical":"https:\/\/clariprod.com\/fr\/conditions-dutilisation\/","og_locale":"fr_FR","og_type":"article","og_title":"Conditions d'utilisation - Clariprod","og_description":"Les conditions d'utilisation du syst\u00e8me de surveillance de production en temps r\u00e9el Clariprod, con\u00e7u pour l'industrie du plastique.","og_url":"https:\/\/clariprod.com\/fr\/conditions-dutilisation\/","og_site_name":"Clariprod","article_publisher":"https:\/\/www.facebook.com\/Clariprod","article_modified_time":"2023-02-23T00:02:27+00:00","twitter_card":"summary_large_image","twitter_misc":{"Dur\u00e9e de lecture estim\u00e9e":"5 minutes"},"schema":{"@context":"https:\/\/schema.org","@graph":[{"@type":"WebPage","@id":"https:\/\/clariprod.com\/fr\/conditions-dutilisation\/","url":"https:\/\/clariprod.com\/fr\/conditions-dutilisation\/","name":"Conditions d'utilisation - Clariprod","isPartOf":{"@id":"https:\/\/clariprod.com\/#website"},"datePublished":"2020-09-16T13:07:05+00:00","dateModified":"2023-02-23T00:02:27+00:00","description":"Les conditions d'utilisation du syst\u00e8me de surveillance de production en temps r\u00e9el Clariprod, con\u00e7u pour l'industrie du plastique.","breadcrumb":{"@id":"https:\/\/clariprod.com\/fr\/conditions-dutilisation\/#breadcrumb"},"inLanguage":"fr-FR","potentialAction":[{"@type":"ReadAction","target":["https:\/\/clariprod.com\/fr\/conditions-dutilisation\/"]}]},{"@type":"BreadcrumbList","@id":"https:\/\/clariprod.com\/fr\/conditions-dutilisation\/#breadcrumb","itemListElement":[{"@type":"ListItem","position":1,"name":"Home","item":"https:\/\/clariprod.com\/fr\/"},{"@type":"ListItem","position":2,"name":"Conditions d&rsquo;utilisation"}]},{"@type":"WebSite","@id":"https:\/\/clariprod.com\/#website","url":"https:\/\/clariprod.com\/","name":"Clariprod","description":"","publisher":{"@id":"https:\/\/clariprod.com\/#organization"},"potentialAction":[{"@type":"SearchAction","target":{"@type":"EntryPoint","urlTemplate":"https:\/\/clariprod.com\/?s={search_term_string}"},"query-input":{"@type":"PropertyValueSpecification","valueRequired":true,"valueName":"search_term_string"}}],"inLanguage":"fr-FR"},{"@type":"Organization","@id":"https:\/\/clariprod.com\/#organization","name":"Clariprod","url":"https:\/\/clariprod.com\/","logo":{"@type":"ImageObject","inLanguage":"fr-FR","@id":"https:\/\/clariprod.com\/#\/schema\/logo\/image\/","url":"https:\/\/clariprod.com\/wp-content\/uploads\/2020\/06\/logo_web_header_white.png","contentUrl":"https:\/\/clariprod.com\/wp-content\/uploads\/2020\/06\/logo_web_header_white.png","width":164,"height":40,"caption":"Clariprod"},"image":{"@id":"https:\/\/clariprod.com\/#\/schema\/logo\/image\/"},"sameAs":["https:\/\/www.facebook.com\/Clariprod","https:\/\/www.linkedin.com\/company\/20529035\/","https:\/\/www.youtube.com\/channel\/UCnCx5VB7JBY34CRqY-5N97A"]}]}},"_links":{"self":[{"href":"https:\/\/clariprod.com\/fr\/wp-json\/wp\/v2\/pages\/2676","targetHints":{"allow":["GET"]}}],"collection":[{"href":"https:\/\/clariprod.com\/fr\/wp-json\/wp\/v2\/pages"}],"about":[{"href":"https:\/\/clariprod.com\/fr\/wp-json\/wp\/v2\/types\/page"}],"author":[{"embeddable":true,"href":"https:\/\/clariprod.com\/fr\/wp-json\/wp\/v2\/users\/2"}],"replies":[{"embeddable":true,"href":"https:\/\/clariprod.com\/fr\/wp-json\/wp\/v2\/comments?post=2676"}],"version-history":[{"count":17,"href":"https:\/\/clariprod.com\/fr\/wp-json\/wp\/v2\/pages\/2676\/revisions"}],"predecessor-version":[{"id":6192,"href":"https:\/\/clariprod.com\/fr\/wp-json\/wp\/v2\/pages\/2676\/revisions\/6192"}],"wp:attachment":[{"href":"https:\/\/clariprod.com\/fr\/wp-json\/wp\/v2\/media?parent=2676"}],"curies":[{"name":"wp","href":"https:\/\/api.w.org\/{rel}","templated":true}]}}