{"id":5610,"date":"2022-01-05T13:53:51","date_gmt":"2022-01-05T18:53:51","guid":{"rendered":"https:\/\/clariprod.com\/?page_id=5610"},"modified":"2022-06-22T11:40:39","modified_gmt":"2022-06-22T15:40:39","slug":"prix","status":"publish","type":"page","link":"https:\/\/clariprod.com\/fr\/prix\/","title":{"rendered":"Prix"},"content":{"rendered":"<p><div class=\"fusion-fullwidth fullwidth-box fusion-builder-row-1 fusion-flex-container fusion-parallax-none main-page-head nonhundred-percent-fullwidth non-hundred-percent-height-scrolling\" style=\"--awb-border-radius-top-left:0px;--awb-border-radius-top-right:0px;--awb-border-radius-bottom-right:0px;--awb-border-radius-bottom-left:0px;--awb-background-image:url(&quot;https:\/\/clariprod.com\/wp-content\/uploads\/2021\/08\/MA-CLA_Couverture.jpg&quot;);--awb-background-size:cover;--awb-flex-wrap:wrap;\" ><div class=\"fusion-builder-row fusion-row fusion-flex-align-items-center fusion-flex-content-wrap\" style=\"max-width:1310.4px;margin-left: calc(-4% \/ 2 );margin-right: calc(-4% \/ 2 );\"><div class=\"fusion-layout-column fusion_builder_column fusion-builder-column-0 fusion_builder_column_3_4 3_4 fusion-flex-column fusion-no-small-visibility\" style=\"--awb-bg-size:cover;--awb-width-large:75%;--awb-margin-top-large:0px;--awb-spacing-right-large:2.56%;--awb-margin-bottom-large:20px;--awb-spacing-left-large:2.56%;--awb-width-medium:100%;--awb-order-medium:0;--awb-spacing-right-medium:1.92%;--awb-spacing-left-medium:1.92%;--awb-width-small:100%;--awb-order-small:0;--awb-spacing-right-small:1.92%;--awb-spacing-left-small:1.92%;\"><div class=\"fusion-column-wrapper fusion-column-has-shadow fusion-flex-justify-content-flex-start fusion-content-layout-column\"><\/div><\/div><\/div><\/div><div class=\"fusion-fullwidth fullwidth-box fusion-builder-row-2 fusion-flex-container hundred-percent-fullwidth non-hundred-percent-height-scrolling\" style=\"--awb-border-radius-top-left:0px;--awb-border-radius-top-right:0px;--awb-border-radius-bottom-right:0px;--awb-border-radius-bottom-left:0px;--awb-padding-top:15px;--awb-padding-bottom:32px;--awb-flex-wrap:wrap;\" ><div class=\"fusion-builder-row fusion-row fusion-flex-align-items-flex-start fusion-flex-justify-content-center fusion-flex-content-wrap\" style=\"width:104% !important;max-width:104% !important;margin-left: calc(-4% \/ 2 );margin-right: calc(-4% \/ 2 );\"><div class=\"fusion-layout-column fusion_builder_column fusion-builder-column-1 fusion_builder_column_3_4 3_4 fusion-flex-column fusion-flex-align-self-center fusion-no-small-visibility fusion-no-medium-visibility\" style=\"--awb-bg-size:cover;--awb-width-large:75%;--awb-margin-top-large:40px;--awb-spacing-right-large:2.56%;--awb-margin-bottom-large:20px;--awb-spacing-left-large:2.56%;--awb-width-medium:100%;--awb-order-medium:0;--awb-spacing-right-medium:1.92%;--awb-spacing-left-medium:1.92%;--awb-width-small:100%;--awb-order-small:0;--awb-spacing-right-small:1.92%;--awb-spacing-left-small:1.92%;\"><div class=\"fusion-column-wrapper fusion-column-has-shadow fusion-flex-justify-content-center fusion-content-layout-row\"><div class=\"fusion-title title fusion-title-1 fusion-sep-none fusion-title-center fusion-title-text fusion-title-size-one\"><h1 class=\"fusion-title-heading title-heading-center fusion-responsive-typography-calculated\" style=\"margin:0;--fontSize:48;line-height:1.12;\">Clariprod offre une structure de prix flexible<br \/>qui s\u2019adapte \u00e0 votre entreprise<\/h1><\/div><\/div><\/div><div class=\"fusion-layout-column fusion_builder_column fusion-builder-column-2 fusion_builder_column_3_4 3_4 fusion-flex-column fusion-flex-align-self-center fusion-no-large-visibility\" style=\"--awb-bg-size:cover;--awb-width-large:75%;--awb-margin-top-large:40px;--awb-spacing-right-large:2.56%;--awb-margin-bottom-large:20px;--awb-spacing-left-large:2.56%;--awb-width-medium:100%;--awb-order-medium:0;--awb-spacing-right-medium:1.92%;--awb-spacing-left-medium:1.92%;--awb-width-small:100%;--awb-order-small:0;--awb-spacing-right-small:1.92%;--awb-spacing-left-small:1.92%;\"><div class=\"fusion-column-wrapper fusion-column-has-shadow fusion-flex-justify-content-center fusion-content-layout-row\"><div class=\"fusion-title title fusion-title-2 fusion-sep-none fusion-title-center fusion-title-text fusion-title-size-one\"><h1 class=\"fusion-title-heading title-heading-center fusion-responsive-typography-calculated\" style=\"margin:0;--fontSize:48;line-height:1.12;\">Clariprod offre une structure de prix flexible qui s\u2019adapte \u00e0 votre entreprise<\/h1><\/div><\/div><\/div><\/div><\/div><div class=\"fusion-fullwidth fullwidth-box fusion-builder-row-3 fusion-flex-container main-page-head nonhundred-percent-fullwidth non-hundred-percent-height-scrolling\" style=\"--awb-border-radius-top-left:0px;--awb-border-radius-top-right:0px;--awb-border-radius-bottom-right:0px;--awb-border-radius-bottom-left:0px;--awb-padding-top-small:30px;--awb-padding-bottom-small:10px;--awb-flex-wrap:wrap;\" ><div class=\"fusion-builder-row fusion-row fusion-flex-align-items-flex-start fusion-flex-content-wrap\" style=\"max-width:1310.4px;margin-left: calc(-4% \/ 2 );margin-right: calc(-4% \/ 2 );\"><div class=\"fusion-layout-column fusion_builder_column fusion-builder-column-3 fusion_builder_column_1_1 1_1 fusion-flex-column\" style=\"--awb-bg-size:cover;--awb-width-large:100%;--awb-margin-top-large:0px;--awb-spacing-right-large:1.92%;--awb-margin-bottom-large:20px;--awb-spacing-left-large:1.92%;--awb-width-medium:100%;--awb-order-medium:0;--awb-spacing-right-medium:1.92%;--awb-spacing-left-medium:1.92%;--awb-width-small:100%;--awb-order-small:0;--awb-spacing-right-small:1.92%;--awb-margin-bottom-small:4px;--awb-spacing-left-small:1.92%;\"><div class=\"fusion-column-wrapper fusion-column-has-shadow fusion-flex-justify-content-flex-start fusion-content-layout-column\"><div class=\"fusion-title title fusion-title-3 fusion-sep-none fusion-title-center fusion-title-text fusion-title-size-two\" style=\"--awb-text-color:#5d5f64;\"><h2 class=\"fusion-title-heading title-heading-center fusion-responsive-typography-calculated\" style=\"margin:0;--fontSize:38;line-height:1.3;\">Ce qui est inclus<\/h2><\/div><\/div><\/div><div class=\"fusion-layout-column fusion_builder_column fusion-builder-column-4 fusion_builder_column_1_3 1_3 fusion-flex-column\" style=\"--awb-bg-size:cover;--awb-width-large:33.333333333333%;--awb-margin-top-large:0px;--awb-spacing-right-large:5.76%;--awb-margin-bottom-large:20px;--awb-spacing-left-large:5.76%;--awb-width-medium:33.333333333333%;--awb-order-medium:0;--awb-spacing-right-medium:5.76%;--awb-spacing-left-medium:5.76%;--awb-width-small:100%;--awb-order-small:0;--awb-spacing-right-small:1.92%;--awb-spacing-left-small:1.92%;\"><div class=\"fusion-column-wrapper fusion-column-has-shadow fusion-flex-justify-content-flex-start fusion-content-layout-column\"><div class=\"fusion-image-element \" style=\"text-align:center;--awb-margin-top:20px;--awb-max-width:300px;--awb-caption-title-font-family:var(--h2_typography-font-family);--awb-caption-title-font-weight:var(--h2_typography-font-weight);--awb-caption-title-font-style:var(--h2_typography-font-style);--awb-caption-title-size:var(--h2_typography-font-size);--awb-caption-title-transform:var(--h2_typography-text-transform);--awb-caption-title-line-height:var(--h2_typography-line-height);--awb-caption-title-letter-spacing:var(--h2_typography-letter-spacing);\"><span class=\" fusion-imageframe imageframe-none imageframe-1 hover-type-none\"><img decoding=\"async\" width=\"465\" height=\"199\" alt=\"The Clariprod Controller icon\" title=\"The Clariprod Controller\" src=\"https:\/\/clariprod.com\/wp-content\/uploads\/2021\/04\/The-Clariprod-Controller-e1619195359918.png\" class=\"img-responsive wp-image-3208\" srcset=\"https:\/\/clariprod.com\/wp-content\/uploads\/2021\/04\/The-Clariprod-Controller-e1619195359918-200x86.png 200w, https:\/\/clariprod.com\/wp-content\/uploads\/2021\/04\/The-Clariprod-Controller-e1619195359918-400x171.png 400w, https:\/\/clariprod.com\/wp-content\/uploads\/2021\/04\/The-Clariprod-Controller-e1619195359918.png 465w\" sizes=\"(max-width: 1024px) 100vw, (max-width: 640px) 100vw, 400px\" \/><\/span><\/div><div class=\"fusion-separator fusion-full-width-sep\" style=\"align-self: center;margin-left: auto;margin-right: auto;margin-bottom:6rem;width:100%;\"><\/div><div class=\"fusion-title title fusion-title-4 fusion-sep-none fusion-title-text fusion-title-size-three\" style=\"--awb-text-color:#78bd4c;--awb-margin-bottom:56px;\"><h3 class=\"fusion-title-heading title-heading-left fusion-responsive-typography-calculated\" style=\"margin:0;--fontSize:28;--minFontSize:28;line-height:1.3;\">Un contr\u00f4leur intelligent<\/h3><\/div><div class=\"fusion-text fusion-text-1\" style=\"--awb-text-transform:none;\"><p>Connectez votre contr\u00f4leur \u00e0 n\u2019importe quelle machine et collectez des donn\u00e9es imm\u00e9diatement. Cela vous permet de voir votre performance \u00e0 chaque machine et de s\u00e9lectionner plusieurs \u00e9l\u00e9ments comme vos bon de travail, ou encore vos raisons d\u2019arr\u00eat machine gr\u00e2ce \u00e0 l\u2019\u00e9cran tactile facile \u00e0 utiliser.<\/p>\n<\/div><\/div><\/div><div class=\"fusion-layout-column fusion_builder_column fusion-builder-column-5 fusion_builder_column_1_3 1_3 fusion-flex-column\" style=\"--awb-bg-size:cover;--awb-width-large:33.333333333333%;--awb-margin-top-large:0px;--awb-spacing-right-large:5.76%;--awb-margin-bottom-large:20px;--awb-spacing-left-large:5.76%;--awb-width-medium:33.333333333333%;--awb-order-medium:0;--awb-spacing-right-medium:5.76%;--awb-spacing-left-medium:5.76%;--awb-width-small:100%;--awb-order-small:0;--awb-spacing-right-small:1.92%;--awb-spacing-left-small:1.92%;\"><div class=\"fusion-column-wrapper fusion-column-has-shadow fusion-flex-justify-content-flex-start fusion-content-layout-column\"><div class=\"fusion-image-element \" style=\"text-align:center;--awb-max-width:240px;--awb-caption-title-font-family:var(--h2_typography-font-family);--awb-caption-title-font-weight:var(--h2_typography-font-weight);--awb-caption-title-font-style:var(--h2_typography-font-style);--awb-caption-title-size:var(--h2_typography-font-size);--awb-caption-title-transform:var(--h2_typography-text-transform);--awb-caption-title-line-height:var(--h2_typography-line-height);--awb-caption-title-letter-spacing:var(--h2_typography-letter-spacing);\"><span class=\" fusion-imageframe imageframe-none imageframe-2 hover-type-none\"><img decoding=\"async\" width=\"515\" height=\"515\" alt=\"Unlimited Access icon\" title=\"MA-CLA_UnlimitedAccess\" src=\"https:\/\/clariprod.com\/wp-content\/uploads\/2021\/08\/MA-CLA_UnlimitedAccess.png\" class=\"img-responsive wp-image-4041\" srcset=\"https:\/\/clariprod.com\/wp-content\/uploads\/2021\/08\/MA-CLA_UnlimitedAccess-200x200.png 200w, https:\/\/clariprod.com\/wp-content\/uploads\/2021\/08\/MA-CLA_UnlimitedAccess-400x400.png 400w, https:\/\/clariprod.com\/wp-content\/uploads\/2021\/08\/MA-CLA_UnlimitedAccess.png 515w\" sizes=\"(max-width: 1024px) 100vw, (max-width: 640px) 100vw, 400px\" \/><\/span><\/div><div class=\"fusion-title title fusion-title-5 fusion-sep-none fusion-title-text fusion-title-size-three\" style=\"--awb-text-color:#78bd4c;\"><h3 class=\"fusion-title-heading title-heading-left fusion-responsive-typography-calculated\" style=\"margin:0;--fontSize:28;--minFontSize:28;line-height:1.3;\">Acc\u00e8s illimit\u00e9 au<br \/>\nportail Clariprod<\/h3><\/div><div class=\"fusion-text fusion-text-2\" style=\"--awb-text-transform:none;\"><p>Acc\u00e9dez \u00e0 une multitude de rapports de performance personnalis\u00e9s concernant votre production, TRG, raisons d\u2019arr\u00eat machine, raisons de probl\u00e8mes de qualit\u00e9 et plusieurs autres variables. Acc\u00e9dez aussi \u00e0 un tableau de bord en direct o\u00f9 vous pourrez voir votre rendement global. Diminuez les arr\u00eats machine \u2013 augmentez le debit \u2013 am\u00e9liorez votre TRG.<\/p>\n<\/div><\/div><\/div><div class=\"fusion-layout-column fusion_builder_column fusion-builder-column-6 fusion_builder_column_1_3 1_3 fusion-flex-column\" style=\"--awb-bg-size:cover;--awb-width-large:33.333333333333%;--awb-margin-top-large:0px;--awb-spacing-right-large:5.76%;--awb-margin-bottom-large:20px;--awb-spacing-left-large:5.76%;--awb-width-medium:33.333333333333%;--awb-order-medium:0;--awb-spacing-right-medium:5.76%;--awb-spacing-left-medium:5.76%;--awb-width-small:100%;--awb-order-small:0;--awb-spacing-right-small:1.92%;--awb-spacing-left-small:1.92%;\"><div class=\"fusion-column-wrapper fusion-column-has-shadow fusion-flex-justify-content-flex-start fusion-content-layout-column\"><div class=\"fusion-image-element \" style=\"text-align:center;--awb-margin-top:20px;--awb-max-width:230px;--awb-caption-title-font-family:var(--h2_typography-font-family);--awb-caption-title-font-weight:var(--h2_typography-font-weight);--awb-caption-title-font-style:var(--h2_typography-font-style);--awb-caption-title-size:var(--h2_typography-font-size);--awb-caption-title-transform:var(--h2_typography-text-transform);--awb-caption-title-line-height:var(--h2_typography-line-height);--awb-caption-title-letter-spacing:var(--h2_typography-letter-spacing);\"><span class=\" fusion-imageframe imageframe-none imageframe-3 hover-type-none\"><img decoding=\"async\" width=\"407\" height=\"213\" alt=\"CLARIPROD manufacutring monitoring system Secure Cloud Based icon\" title=\"Secure Cloud Based\" src=\"https:\/\/clariprod.com\/wp-content\/uploads\/2021\/04\/Secure-Cloud-Based-e1619195385578.png\" class=\"img-responsive wp-image-3210\" srcset=\"https:\/\/clariprod.com\/wp-content\/uploads\/2021\/04\/Secure-Cloud-Based-e1619195385578-200x105.png 200w, https:\/\/clariprod.com\/wp-content\/uploads\/2021\/04\/Secure-Cloud-Based-e1619195385578-400x209.png 400w, https:\/\/clariprod.com\/wp-content\/uploads\/2021\/04\/Secure-Cloud-Based-e1619195385578.png 407w\" sizes=\"(max-width: 1024px) 100vw, (max-width: 640px) 100vw, 400px\" \/><\/span><\/div><div class=\"fusion-separator fusion-full-width-sep\" style=\"align-self: center;margin-left: auto;margin-right: auto;margin-bottom:6rem;width:100%;\"><\/div><div class=\"fusion-title title fusion-title-6 fusion-sep-none fusion-title-text fusion-title-size-three\" style=\"--awb-text-color:#78bd4c;--awb-margin-bottom:56px;\"><h3 class=\"fusion-title-heading title-heading-left fusion-responsive-typography-calculated\" style=\"margin:0;--fontSize:28;--minFontSize:28;line-height:1.3;\">H\u00e9bergement de donn\u00e9es s\u00e9curis\u00e9es dans le nuage<\/h3><\/div><div class=\"fusion-text fusion-text-3\" style=\"--awb-text-transform:none;\"><p>Toutes vos donn\u00e9es sont s\u00e9curis\u00e9es et h\u00e9berg\u00e9es dans le nuage fourni par Amazon Web Services et OVHcloud il n\u2019est donc pas n\u00e9cessaire d\u2019investir plus en mat\u00e9riel ou en personnel de TI.<\/p>\n<\/div><\/div><\/div><\/div><\/div><div class=\"fusion-fullwidth fullwidth-box fusion-builder-row-4 fusion-flex-container nonhundred-percent-fullwidth non-hundred-percent-height-scrolling\" style=\"--awb-border-radius-top-left:0px;--awb-border-radius-top-right:0px;--awb-border-radius-bottom-right:0px;--awb-border-radius-bottom-left:0px;--awb-padding-top:45px;--awb-padding-bottom:45px;--awb-flex-wrap:wrap;\" ><div class=\"fusion-builder-row fusion-row fusion-flex-align-items-flex-start fusion-flex-justify-content-center fusion-flex-content-wrap\" style=\"max-width:1310.4px;margin-left: calc(-4% \/ 2 );margin-right: calc(-4% \/ 2 );\"><div class=\"fusion-layout-column fusion_builder_column fusion-builder-column-7 fusion_builder_column_4_5 4_5 fusion-flex-column fusion-flex-align-self-center contact-form-container\" style=\"--awb-padding-top:5%;--awb-padding-right:6%;--awb-padding-bottom:5%;--awb-padding-left:6%;--awb-bg-color:#ffffff;--awb-bg-color-hover:#ffffff;--awb-bg-size:cover;--awb-box-shadow:0px 0px 15px 5px rgba(226,226,226,0.5);;--awb-width-large:80%;--awb-margin-top-large:0px;--awb-spacing-right-large:2.4%;--awb-margin-bottom-large:20px;--awb-spacing-left-large:2.4%;--awb-width-medium:100%;--awb-order-medium:0;--awb-spacing-right-medium:1.92%;--awb-spacing-left-medium:1.92%;--awb-width-small:100%;--awb-order-small:0;--awb-spacing-right-small:1.92%;--awb-spacing-left-small:1.92%;\"><div class=\"fusion-column-wrapper fusion-column-has-shadow fusion-flex-justify-content-flex-start fusion-content-layout-column\"><div class=\"fusion-menu-anchor\" id=\"soumission\"><\/div><div class=\"fusion-text fusion-text-4\" style=\"--awb-content-alignment:center;\"><p>Remplissez ce formulaire et laissez-nous savoir votre structure de prix id\u00e9ale selon vos besoins.<br \/>\n<strong>Par la suite, nous vous enverrons un estim\u00e9 gratuit avec les d\u00e9tails.<\/strong><\/p>\n<\/div><div class=\"fusion-separator fusion-full-width-sep\" style=\"align-self: center;margin-left: auto;margin-right: auto;margin-top:20px;margin-bottom:40px;width:100%;\"><div class=\"fusion-separator-border sep-single sep-solid\" style=\"--awb-height:20px;--awb-amount:20px;border-color:e8eaf0;border-top-width:1px;\"><\/div><\/div><script charset=\"utf-8\" type=\"text\/javascript\" src=\"\/\/js.hsforms.net\/forms\/shell.js\"><\/script>\n<script>\nhbspt.forms.create({\nregion: \"na1\",\nportalId: \"8223596\",\nformId: \"8ce5ffb7-c09c-433c-8866-cb208a8620da\"\n});\n<\/script><\/div><\/div><\/div><\/div><\/p>\n","protected":false},"excerpt":{"rendered":"","protected":false},"author":13,"featured_media":0,"parent":0,"menu_order":0,"comment_status":"closed","ping_status":"closed","template":"100-width.php","meta":{"footnotes":""},"class_list":["post-5610","page","type-page","status-publish","hentry"],"yoast_head":"<!-- This site is optimized with the Yoast SEO plugin v27.2 - https:\/\/yoast.com\/product\/yoast-seo-wordpress\/ -->\n<title>Prix | Clariprod | Construisez votre propre structure<\/title>\n<meta name=\"description\" content=\"Comme nous voulons offrir un investissement flexible, nous vous proposons aussi de b\u00e2tir la structure de prix id\u00e9ale pour votre entreprise.\" \/>\n<meta name=\"robots\" content=\"index, follow, max-snippet:-1, max-image-preview:large, max-video-preview:-1\" \/>\n<link rel=\"canonical\" href=\"https:\/\/clariprod.com\/fr\/prix\/\" \/>\n<meta property=\"og:locale\" content=\"fr_FR\" \/>\n<meta property=\"og:type\" content=\"article\" \/>\n<meta property=\"og:title\" content=\"Prix | Clariprod | Construisez votre propre structure\" \/>\n<meta property=\"og:description\" content=\"Comme nous voulons offrir un investissement flexible, nous vous proposons aussi de b\u00e2tir la structure de prix id\u00e9ale pour votre entreprise.\" \/>\n<meta property=\"og:url\" content=\"https:\/\/clariprod.com\/fr\/prix\/\" \/>\n<meta property=\"og:site_name\" content=\"Clariprod\" \/>\n<meta property=\"article:publisher\" content=\"https:\/\/www.facebook.com\/Clariprod\" \/>\n<meta property=\"article:modified_time\" content=\"2022-06-22T15:40:39+00:00\" \/>\n<meta name=\"twitter:card\" content=\"summary_large_image\" \/>\n<meta name=\"twitter:label1\" content=\"Dur\u00e9e de lecture estim\u00e9e\" \/>\n\t<meta name=\"twitter:data1\" content=\"21 minutes\" \/>\n<script type=\"application\/ld+json\" class=\"yoast-schema-graph\">{\"@context\":\"https:\/\/schema.org\",\"@graph\":[{\"@type\":\"WebPage\",\"@id\":\"https:\/\/clariprod.com\/fr\/prix\/\",\"url\":\"https:\/\/clariprod.com\/fr\/prix\/\",\"name\":\"Prix | Clariprod | Construisez votre propre structure\",\"isPartOf\":{\"@id\":\"https:\/\/clariprod.com\/#website\"},\"datePublished\":\"2022-01-05T18:53:51+00:00\",\"dateModified\":\"2022-06-22T15:40:39+00:00\",\"description\":\"Comme nous voulons offrir un investissement flexible, nous vous proposons aussi de b\u00e2tir la structure de prix id\u00e9ale pour votre entreprise.\",\"breadcrumb\":{\"@id\":\"https:\/\/clariprod.com\/fr\/prix\/#breadcrumb\"},\"inLanguage\":\"fr-FR\",\"potentialAction\":[{\"@type\":\"ReadAction\",\"target\":[\"https:\/\/clariprod.com\/fr\/prix\/\"]}]},{\"@type\":\"BreadcrumbList\",\"@id\":\"https:\/\/clariprod.com\/fr\/prix\/#breadcrumb\",\"itemListElement\":[{\"@type\":\"ListItem\",\"position\":1,\"name\":\"Home\",\"item\":\"https:\/\/clariprod.com\/fr\/\"},{\"@type\":\"ListItem\",\"position\":2,\"name\":\"Prix\"}]},{\"@type\":\"WebSite\",\"@id\":\"https:\/\/clariprod.com\/#website\",\"url\":\"https:\/\/clariprod.com\/\",\"name\":\"Clariprod\",\"description\":\"\",\"publisher\":{\"@id\":\"https:\/\/clariprod.com\/#organization\"},\"potentialAction\":[{\"@type\":\"SearchAction\",\"target\":{\"@type\":\"EntryPoint\",\"urlTemplate\":\"https:\/\/clariprod.com\/?s={search_term_string}\"},\"query-input\":{\"@type\":\"PropertyValueSpecification\",\"valueRequired\":true,\"valueName\":\"search_term_string\"}}],\"inLanguage\":\"fr-FR\"},{\"@type\":\"Organization\",\"@id\":\"https:\/\/clariprod.com\/#organization\",\"name\":\"Clariprod\",\"url\":\"https:\/\/clariprod.com\/\",\"logo\":{\"@type\":\"ImageObject\",\"inLanguage\":\"fr-FR\",\"@id\":\"https:\/\/clariprod.com\/#\/schema\/logo\/image\/\",\"url\":\"https:\/\/clariprod.com\/wp-content\/uploads\/2020\/06\/logo_web_header_white.png\",\"contentUrl\":\"https:\/\/clariprod.com\/wp-content\/uploads\/2020\/06\/logo_web_header_white.png\",\"width\":164,\"height\":40,\"caption\":\"Clariprod\"},\"image\":{\"@id\":\"https:\/\/clariprod.com\/#\/schema\/logo\/image\/\"},\"sameAs\":[\"https:\/\/www.facebook.com\/Clariprod\",\"https:\/\/www.linkedin.com\/company\/20529035\/\",\"https:\/\/www.youtube.com\/channel\/UCnCx5VB7JBY34CRqY-5N97A\"]}]}<\/script>\n<!-- \/ Yoast SEO plugin. -->","yoast_head_json":{"title":"Prix | Clariprod | Construisez votre propre structure","description":"Comme nous voulons offrir un investissement flexible, nous vous proposons aussi de b\u00e2tir la structure de prix id\u00e9ale pour votre entreprise.","robots":{"index":"index","follow":"follow","max-snippet":"max-snippet:-1","max-image-preview":"max-image-preview:large","max-video-preview":"max-video-preview:-1"},"canonical":"https:\/\/clariprod.com\/fr\/prix\/","og_locale":"fr_FR","og_type":"article","og_title":"Prix | Clariprod | Construisez votre propre structure","og_description":"Comme nous voulons offrir un investissement flexible, nous vous proposons aussi de b\u00e2tir la structure de prix id\u00e9ale pour votre entreprise.","og_url":"https:\/\/clariprod.com\/fr\/prix\/","og_site_name":"Clariprod","article_publisher":"https:\/\/www.facebook.com\/Clariprod","article_modified_time":"2022-06-22T15:40:39+00:00","twitter_card":"summary_large_image","twitter_misc":{"Dur\u00e9e de lecture estim\u00e9e":"21 minutes"},"schema":{"@context":"https:\/\/schema.org","@graph":[{"@type":"WebPage","@id":"https:\/\/clariprod.com\/fr\/prix\/","url":"https:\/\/clariprod.com\/fr\/prix\/","name":"Prix | Clariprod | Construisez votre propre structure","isPartOf":{"@id":"https:\/\/clariprod.com\/#website"},"datePublished":"2022-01-05T18:53:51+00:00","dateModified":"2022-06-22T15:40:39+00:00","description":"Comme nous voulons offrir un investissement flexible, nous vous proposons aussi de b\u00e2tir la structure de prix id\u00e9ale pour votre entreprise.","breadcrumb":{"@id":"https:\/\/clariprod.com\/fr\/prix\/#breadcrumb"},"inLanguage":"fr-FR","potentialAction":[{"@type":"ReadAction","target":["https:\/\/clariprod.com\/fr\/prix\/"]}]},{"@type":"BreadcrumbList","@id":"https:\/\/clariprod.com\/fr\/prix\/#breadcrumb","itemListElement":[{"@type":"ListItem","position":1,"name":"Home","item":"https:\/\/clariprod.com\/fr\/"},{"@type":"ListItem","position":2,"name":"Prix"}]},{"@type":"WebSite","@id":"https:\/\/clariprod.com\/#website","url":"https:\/\/clariprod.com\/","name":"Clariprod","description":"","publisher":{"@id":"https:\/\/clariprod.com\/#organization"},"potentialAction":[{"@type":"SearchAction","target":{"@type":"EntryPoint","urlTemplate":"https:\/\/clariprod.com\/?s={search_term_string}"},"query-input":{"@type":"PropertyValueSpecification","valueRequired":true,"valueName":"search_term_string"}}],"inLanguage":"fr-FR"},{"@type":"Organization","@id":"https:\/\/clariprod.com\/#organization","name":"Clariprod","url":"https:\/\/clariprod.com\/","logo":{"@type":"ImageObject","inLanguage":"fr-FR","@id":"https:\/\/clariprod.com\/#\/schema\/logo\/image\/","url":"https:\/\/clariprod.com\/wp-content\/uploads\/2020\/06\/logo_web_header_white.png","contentUrl":"https:\/\/clariprod.com\/wp-content\/uploads\/2020\/06\/logo_web_header_white.png","width":164,"height":40,"caption":"Clariprod"},"image":{"@id":"https:\/\/clariprod.com\/#\/schema\/logo\/image\/"},"sameAs":["https:\/\/www.facebook.com\/Clariprod","https:\/\/www.linkedin.com\/company\/20529035\/","https:\/\/www.youtube.com\/channel\/UCnCx5VB7JBY34CRqY-5N97A"]}]}},"_links":{"self":[{"href":"https:\/\/clariprod.com\/fr\/wp-json\/wp\/v2\/pages\/5610","targetHints":{"allow":["GET"]}}],"collection":[{"href":"https:\/\/clariprod.com\/fr\/wp-json\/wp\/v2\/pages"}],"about":[{"href":"https:\/\/clariprod.com\/fr\/wp-json\/wp\/v2\/types\/page"}],"author":[{"embeddable":true,"href":"https:\/\/clariprod.com\/fr\/wp-json\/wp\/v2\/users\/13"}],"replies":[{"embeddable":true,"href":"https:\/\/clariprod.com\/fr\/wp-json\/wp\/v2\/comments?post=5610"}],"version-history":[{"count":31,"href":"https:\/\/clariprod.com\/fr\/wp-json\/wp\/v2\/pages\/5610\/revisions"}],"predecessor-version":[{"id":6046,"href":"https:\/\/clariprod.com\/fr\/wp-json\/wp\/v2\/pages\/5610\/revisions\/6046"}],"wp:attachment":[{"href":"https:\/\/clariprod.com\/fr\/wp-json\/wp\/v2\/media?parent=5610"}],"curies":[{"name":"wp","href":"https:\/\/api.w.org\/{rel}","templated":true}]}}