{"id":6541,"date":"2024-10-22T20:06:43","date_gmt":"2024-10-23T00:06:43","guid":{"rendered":"https:\/\/clariprod.com\/?page_id=6541"},"modified":"2024-10-24T19:15:49","modified_gmt":"2024-10-24T23:15:49","slug":"landing-page","status":"publish","type":"page","link":"https:\/\/clariprod.com\/fr\/landing-page\/","title":{"rendered":"Landing page"},"content":{"rendered":"<div class=\"fusion-fullwidth fullwidth-box fusion-builder-row-1 fusion-flex-container has-pattern-background has-mask-background nonhundred-percent-fullwidth non-hundred-percent-height-scrolling\" style=\"--awb-border-radius-top-left:0px;--awb-border-radius-top-right:0px;--awb-border-radius-bottom-right:0px;--awb-border-radius-bottom-left:0px;--awb-margin-top:50px;--awb-flex-wrap:wrap;\" ><div class=\"fusion-builder-row fusion-row fusion-flex-align-items-flex-start fusion-flex-content-wrap\" style=\"max-width:1310.4px;margin-left: calc(-4% \/ 2 );margin-right: calc(-4% \/ 2 );\"><div class=\"fusion-layout-column fusion_builder_column fusion-builder-column-0 fusion_builder_column_2_3 2_3 fusion-flex-column\" style=\"--awb-bg-size:cover;--awb-width-large:66.666666666667%;--awb-margin-top-large:0px;--awb-spacing-right-large:2.88%;--awb-margin-bottom-large:20px;--awb-spacing-left-large:2.88%;--awb-width-medium:100%;--awb-order-medium:0;--awb-spacing-right-medium:1.92%;--awb-spacing-left-medium:1.92%;--awb-width-small:100%;--awb-order-small:0;--awb-spacing-right-small:1.92%;--awb-spacing-left-small:1.92%;\" data-scroll-devices=\"small-visibility,medium-visibility,large-visibility\"><div class=\"fusion-column-wrapper fusion-column-has-shadow fusion-flex-justify-content-flex-start fusion-content-layout-column\"><div class=\"fusion-title title fusion-title-1 fusion-no-small-visibility fusion-no-medium-visibility fusion-sep-none fusion-title-text fusion-title-size-two\"><h2 class=\"fusion-title-heading title-heading-left fusion-responsive-typography-calculated\" style=\"margin:0;--fontSize:38;line-height:1.3;\">Optimiser la performance du moulage par injection avec <strong><span style=\"color: #78bd4c;\">Surveillance de la Production<\/span><\/strong><\/h2><\/div><div class=\"fusion-text fusion-text-1 fusion-no-small-visibility fusion-no-medium-visibility\" style=\"--awb-line-height:1.5;\"><p>Les fabricants de moules par injection doivent maintenir une haute performance de fabrication avec un minimum de main-d&rsquo;\u0153uvre directe sur le sol de production pour rester comp\u00e9titifs et financi\u00e8rement viables. Mais comment pouvons-nous atteindre une disponibilit\u00e9 maximale des \u00e9quipements, un temps de cycle optimis\u00e9 et une qualit\u00e9 \u00e9lev\u00e9e sans op\u00e9rateurs de presse d\u00e9di\u00e9s et avec des niveaux de personnel r\u00e9duits ?<\/p>\n<\/div><div class=\"fusion-builder-row fusion-builder-row-inner fusion-row fusion-flex-align-items-flex-start fusion-flex-content-wrap\" style=\"width:104% !important;max-width:104% !important;margin-left: calc(-4% \/ 2 );margin-right: calc(-4% \/ 2 );\"><div class=\"fusion-layout-column fusion_builder_column_inner fusion-builder-nested-column-0 fusion_builder_column_inner_2_3 2_3 fusion-flex-column fusion-no-large-visibility\" style=\"--awb-bg-size:cover;--awb-width-large:66.666666666667%;--awb-margin-top-large:0px;--awb-spacing-right-large:2.88%;--awb-margin-bottom-large:20px;--awb-spacing-left-large:2.88%;--awb-width-medium:66.666666666667%;--awb-order-medium:0;--awb-spacing-right-medium:2.88%;--awb-spacing-left-medium:2.88%;--awb-width-small:100%;--awb-order-small:0;--awb-spacing-right-small:1.92%;--awb-spacing-left-small:1.92%;\" data-scroll-devices=\"small-visibility,medium-visibility,large-visibility\"><div class=\"fusion-column-wrapper fusion-column-has-shadow fusion-flex-justify-content-flex-start fusion-content-layout-column\"><div class=\"fusion-title title fusion-title-2 fusion-sep-none fusion-title-text fusion-title-size-two\"><h2 class=\"fusion-title-heading title-heading-left fusion-responsive-typography-calculated\" style=\"margin:0;--fontSize:38;line-height:1.3;\">Optimiser la performance du moulage par injection avec <strong><span style=\"color: #78bd4c;\">Surveillance de la Production<\/span><\/strong><\/h2><\/div><div class=\"fusion-text fusion-text-2\" style=\"--awb-line-height:1.5;\"><p>Les fabricants de moules par injection doivent maintenir une haute performance de fabrication avec un minimum de main-d&rsquo;\u0153uvre directe sur le sol de production pour rester comp\u00e9titifs et financi\u00e8rement viables. Mais comment pouvons-nous atteindre une disponibilit\u00e9 maximale des \u00e9quipements, un temps de cycle optimis\u00e9 et une qualit\u00e9 \u00e9lev\u00e9e sans op\u00e9rateurs de presse d\u00e9di\u00e9s et avec des niveaux de personnel r\u00e9duits ?<\/p>\n<\/div><\/div><\/div><div class=\"fusion-layout-column fusion_builder_column_inner fusion-builder-nested-column-1 fusion_builder_column_inner_1_3 1_3 fusion-flex-column fusion-flex-align-self-center fusion-no-large-visibility\" style=\"--awb-bg-size:cover;--awb-width-large:33.333333333333%;--awb-margin-top-large:0px;--awb-spacing-right-large:5.76%;--awb-margin-bottom-large:20px;--awb-spacing-left-large:5.76%;--awb-width-medium:33.333333333333%;--awb-order-medium:0;--awb-spacing-right-medium:5.76%;--awb-spacing-left-medium:5.76%;--awb-width-small:100%;--awb-order-small:0;--awb-spacing-right-small:1.92%;--awb-spacing-left-small:1.92%;\" data-scroll-devices=\"small-visibility,medium-visibility,large-visibility\"><div class=\"fusion-column-wrapper fusion-column-has-shadow fusion-flex-justify-content-center fusion-content-layout-column\"><div class=\"fusion-image-element fusion-no-small-visibility fusion-no-large-visibility\" style=\"text-align:center;--awb-caption-title-font-family:var(--h2_typography-font-family);--awb-caption-title-font-weight:var(--h2_typography-font-weight);--awb-caption-title-font-style:var(--h2_typography-font-style);--awb-caption-title-size:var(--h2_typography-font-size);--awb-caption-title-transform:var(--h2_typography-text-transform);--awb-caption-title-line-height:var(--h2_typography-line-height);--awb-caption-title-letter-spacing:var(--h2_typography-letter-spacing);\"><span class=\" fusion-imageframe imageframe-none imageframe-1 hover-type-none\"><img decoding=\"async\" width=\"470\" height=\"531\" alt=\"brochure\" title=\"brochure-clariprod\" src=\"https:\/\/clariprod.com\/wp-content\/uploads\/2024\/10\/brochure-clariprod.png\" class=\"img-responsive wp-image-6390\" srcset=\"https:\/\/clariprod.com\/wp-content\/uploads\/2024\/10\/brochure-clariprod-200x226.png 200w, https:\/\/clariprod.com\/wp-content\/uploads\/2024\/10\/brochure-clariprod-400x452.png 400w, https:\/\/clariprod.com\/wp-content\/uploads\/2024\/10\/brochure-clariprod.png 470w\" sizes=\"(max-width: 1024px) 100vw, (max-width: 640px) 100vw, 400px\" \/><\/span><\/div><div class=\"fusion-image-element fusion-no-medium-visibility fusion-no-large-visibility\" style=\"text-align:center;--awb-caption-title-font-family:var(--h2_typography-font-family);--awb-caption-title-font-weight:var(--h2_typography-font-weight);--awb-caption-title-font-style:var(--h2_typography-font-style);--awb-caption-title-size:var(--h2_typography-font-size);--awb-caption-title-transform:var(--h2_typography-text-transform);--awb-caption-title-line-height:var(--h2_typography-line-height);--awb-caption-title-letter-spacing:var(--h2_typography-letter-spacing);\"><span class=\" fusion-imageframe imageframe-none imageframe-2 hover-type-none image\"><img decoding=\"async\" width=\"470\" height=\"531\" alt=\"brochure\" title=\"brochure-clariprod\" src=\"https:\/\/clariprod.com\/wp-content\/uploads\/2024\/10\/brochure-clariprod.png\" class=\"img-responsive wp-image-6390\" srcset=\"https:\/\/clariprod.com\/wp-content\/uploads\/2024\/10\/brochure-clariprod-200x226.png 200w, https:\/\/clariprod.com\/wp-content\/uploads\/2024\/10\/brochure-clariprod-400x452.png 400w, https:\/\/clariprod.com\/wp-content\/uploads\/2024\/10\/brochure-clariprod.png 470w\" sizes=\"(max-width: 1024px) 100vw, (max-width: 640px) 100vw, 400px\" \/><\/span><\/div><\/div><\/div><\/div><div class=\"fusion-builder-row fusion-builder-row-inner fusion-row fusion-flex-align-items-flex-start fusion-flex-content-wrap\" style=\"width:104% !important;max-width:104% !important;margin-left: calc(-4% \/ 2 );margin-right: calc(-4% \/ 2 );\"><div class=\"fusion-layout-column fusion_builder_column_inner fusion-builder-nested-column-2 fusion_builder_column_inner_2_3 2_3 fusion-flex-column\" style=\"--awb-bg-size:cover;--awb-width-large:66.666666666667%;--awb-margin-top-large:0px;--awb-spacing-right-large:2.88%;--awb-margin-bottom-large:20px;--awb-spacing-left-large:2.88%;--awb-width-medium:100%;--awb-order-medium:0;--awb-spacing-right-medium:1.92%;--awb-spacing-left-medium:1.92%;--awb-width-small:100%;--awb-order-small:0;--awb-margin-top-small:30px;--awb-spacing-right-small:1.92%;--awb-spacing-left-small:1.92%;\" data-scroll-devices=\"small-visibility,medium-visibility,large-visibility\"><div class=\"fusion-column-wrapper fusion-column-has-shadow fusion-flex-justify-content-flex-start fusion-content-layout-column\"><div class=\"fusion-title title fusion-title-3 fusion-sep-none fusion-title-text fusion-title-size-three\"><h3 class=\"fusion-title-heading title-heading-left fusion-responsive-typography-calculated\" style=\"margin:0;--fontSize:28;--minFontSize:28;line-height:1.3;\">T\u00e9l\u00e9chargez votre <strong><span style=\"color: #78bd4c;\">livre blanc gratuit<\/span><\/strong><\/h3><\/div><script charset=\"utf-8\" type=\"text\/javascript\" src=\"\/\/js.hsforms.net\/forms\/embed\/v2.js\"><\/script>\n\n<script>\nconst restrictedDomains = [\n    'gmail.com', 'outlook.com', 'hotmail.com', 'yahoo.com', 'live.com', \n    'aol.com', 'icloud.com', 'mail.com', 'msn.com', 'rocketmail.com', \n    'yandex.com', 'gmx.com', 'zoho.com', 'protonmail.com', 'tutanota.com', \n    'inbox.com', 'email.com', 'excite.com', 'fastmail.com', 'rediffmail.com', \n    'usa.net', 'hushmail.com', 'lycos.com', 'one.com',\n];\n\nhbspt.forms.create({\n    portalId: \"8223596\",\n    formId: \"bbcd3c3f-6d13-4140-b6ca-21f18ec9db77\",\n    manuallyBlockedEmailDomain: restrictedDomains,\n    onBeforeFormSubmit: function() {\n      window.open('https:\/\/clariprod.com\/wp-content\/uploads\/2024\/10\/White_paper_Clariprod_EN_Fall-2024.pdf', '_blank');\n    }\n});\n<\/script>\n<\/div><\/div><div class=\"fusion-layout-column fusion_builder_column_inner fusion-builder-nested-column-3 fusion_builder_column_inner_1_3 1_3 fusion-flex-column\" style=\"--awb-bg-size:cover;--awb-width-large:33.333333333333%;--awb-margin-top-large:0px;--awb-spacing-right-large:5.76%;--awb-margin-bottom-large:20px;--awb-spacing-left-large:5.76%;--awb-width-medium:100%;--awb-order-medium:0;--awb-spacing-right-medium:1.92%;--awb-spacing-left-medium:1.92%;--awb-width-small:100%;--awb-order-small:0;--awb-spacing-right-small:1.92%;--awb-spacing-left-small:1.92%;\"><div class=\"fusion-column-wrapper fusion-column-has-shadow fusion-flex-justify-content-flex-start fusion-content-layout-column\"><\/div><\/div><\/div><\/div><\/div><div class=\"fusion-layout-column fusion_builder_column fusion-builder-column-1 fusion_builder_column_1_3 1_3 fusion-flex-column fusion-flex-align-self-center fusion-no-small-visibility fusion-no-medium-visibility\" style=\"--awb-bg-size:cover;--awb-width-large:33.333333333333%;--awb-margin-top-large:0px;--awb-spacing-right-large:5.76%;--awb-margin-bottom-large:20px;--awb-spacing-left-large:5.76%;--awb-width-medium:100%;--awb-order-medium:0;--awb-spacing-right-medium:1.92%;--awb-spacing-left-medium:1.92%;--awb-width-small:100%;--awb-order-small:0;--awb-spacing-right-small:1.92%;--awb-spacing-left-small:1.92%;\" data-scroll-devices=\"small-visibility,medium-visibility,large-visibility\"><div class=\"fusion-column-wrapper fusion-column-has-shadow fusion-flex-justify-content-center fusion-content-layout-column\"><div class=\"fusion-image-element \" style=\"--awb-caption-title-font-family:var(--h2_typography-font-family);--awb-caption-title-font-weight:var(--h2_typography-font-weight);--awb-caption-title-font-style:var(--h2_typography-font-style);--awb-caption-title-size:var(--h2_typography-font-size);--awb-caption-title-transform:var(--h2_typography-text-transform);--awb-caption-title-line-height:var(--h2_typography-line-height);--awb-caption-title-letter-spacing:var(--h2_typography-letter-spacing);\"><span class=\" fusion-imageframe imageframe-none imageframe-3 hover-type-none\"><img decoding=\"async\" width=\"470\" height=\"531\" alt=\"brochure\" title=\"brochure-clariprod\" src=\"https:\/\/clariprod.com\/wp-content\/uploads\/2024\/10\/brochure-clariprod.png\" class=\"img-responsive wp-image-6390\" srcset=\"https:\/\/clariprod.com\/wp-content\/uploads\/2024\/10\/brochure-clariprod-200x226.png 200w, https:\/\/clariprod.com\/wp-content\/uploads\/2024\/10\/brochure-clariprod-400x452.png 400w, https:\/\/clariprod.com\/wp-content\/uploads\/2024\/10\/brochure-clariprod.png 470w\" sizes=\"(max-width: 1024px) 100vw, (max-width: 640px) 100vw, 400px\" \/><\/span><\/div><\/div><\/div><\/div><\/div>\n","protected":false},"excerpt":{"rendered":"","protected":false},"author":16,"featured_media":0,"parent":0,"menu_order":0,"comment_status":"closed","ping_status":"closed","template":"","meta":{"footnotes":""},"class_list":["post-6541","page","type-page","status-publish","hentry"],"yoast_head":"<!-- This site is optimized with the Yoast SEO plugin v27.2 - https:\/\/yoast.com\/product\/yoast-seo-wordpress\/ -->\n<title>Landing page - Clariprod<\/title>\n<meta name=\"robots\" content=\"index, follow, max-snippet:-1, max-image-preview:large, max-video-preview:-1\" \/>\n<link rel=\"canonical\" href=\"https:\/\/clariprod.com\/fr\/landing-page\/\" \/>\n<meta property=\"og:locale\" content=\"fr_FR\" \/>\n<meta property=\"og:type\" content=\"article\" \/>\n<meta property=\"og:title\" content=\"Landing page - Clariprod\" \/>\n<meta property=\"og:url\" content=\"https:\/\/clariprod.com\/fr\/landing-page\/\" \/>\n<meta property=\"og:site_name\" content=\"Clariprod\" \/>\n<meta property=\"article:publisher\" content=\"https:\/\/www.facebook.com\/Clariprod\" \/>\n<meta property=\"article:modified_time\" content=\"2024-10-24T23:15:49+00:00\" \/>\n<meta name=\"twitter:card\" content=\"summary_large_image\" \/>\n<meta name=\"twitter:label1\" content=\"Dur\u00e9e de lecture estim\u00e9e\" \/>\n\t<meta name=\"twitter:data1\" content=\"2 minutes\" \/>\n<script type=\"application\/ld+json\" class=\"yoast-schema-graph\">{\"@context\":\"https:\/\/schema.org\",\"@graph\":[{\"@type\":\"WebPage\",\"@id\":\"https:\/\/clariprod.com\/fr\/landing-page\/\",\"url\":\"https:\/\/clariprod.com\/fr\/landing-page\/\",\"name\":\"Landing page - Clariprod\",\"isPartOf\":{\"@id\":\"https:\/\/clariprod.com\/#website\"},\"datePublished\":\"2024-10-23T00:06:43+00:00\",\"dateModified\":\"2024-10-24T23:15:49+00:00\",\"breadcrumb\":{\"@id\":\"https:\/\/clariprod.com\/fr\/landing-page\/#breadcrumb\"},\"inLanguage\":\"fr-FR\",\"potentialAction\":[{\"@type\":\"ReadAction\",\"target\":[\"https:\/\/clariprod.com\/fr\/landing-page\/\"]}]},{\"@type\":\"BreadcrumbList\",\"@id\":\"https:\/\/clariprod.com\/fr\/landing-page\/#breadcrumb\",\"itemListElement\":[{\"@type\":\"ListItem\",\"position\":1,\"name\":\"Home\",\"item\":\"https:\/\/clariprod.com\/fr\/\"},{\"@type\":\"ListItem\",\"position\":2,\"name\":\"Landing page\"}]},{\"@type\":\"WebSite\",\"@id\":\"https:\/\/clariprod.com\/#website\",\"url\":\"https:\/\/clariprod.com\/\",\"name\":\"Clariprod\",\"description\":\"\",\"publisher\":{\"@id\":\"https:\/\/clariprod.com\/#organization\"},\"potentialAction\":[{\"@type\":\"SearchAction\",\"target\":{\"@type\":\"EntryPoint\",\"urlTemplate\":\"https:\/\/clariprod.com\/?s={search_term_string}\"},\"query-input\":{\"@type\":\"PropertyValueSpecification\",\"valueRequired\":true,\"valueName\":\"search_term_string\"}}],\"inLanguage\":\"fr-FR\"},{\"@type\":\"Organization\",\"@id\":\"https:\/\/clariprod.com\/#organization\",\"name\":\"Clariprod\",\"url\":\"https:\/\/clariprod.com\/\",\"logo\":{\"@type\":\"ImageObject\",\"inLanguage\":\"fr-FR\",\"@id\":\"https:\/\/clariprod.com\/#\/schema\/logo\/image\/\",\"url\":\"https:\/\/clariprod.com\/wp-content\/uploads\/2020\/06\/logo_web_header_white.png\",\"contentUrl\":\"https:\/\/clariprod.com\/wp-content\/uploads\/2020\/06\/logo_web_header_white.png\",\"width\":164,\"height\":40,\"caption\":\"Clariprod\"},\"image\":{\"@id\":\"https:\/\/clariprod.com\/#\/schema\/logo\/image\/\"},\"sameAs\":[\"https:\/\/www.facebook.com\/Clariprod\",\"https:\/\/www.linkedin.com\/company\/20529035\/\",\"https:\/\/www.youtube.com\/channel\/UCnCx5VB7JBY34CRqY-5N97A\"]}]}<\/script>\n<!-- \/ Yoast SEO plugin. -->","yoast_head_json":{"title":"Landing page - Clariprod","robots":{"index":"index","follow":"follow","max-snippet":"max-snippet:-1","max-image-preview":"max-image-preview:large","max-video-preview":"max-video-preview:-1"},"canonical":"https:\/\/clariprod.com\/fr\/landing-page\/","og_locale":"fr_FR","og_type":"article","og_title":"Landing page - Clariprod","og_url":"https:\/\/clariprod.com\/fr\/landing-page\/","og_site_name":"Clariprod","article_publisher":"https:\/\/www.facebook.com\/Clariprod","article_modified_time":"2024-10-24T23:15:49+00:00","twitter_card":"summary_large_image","twitter_misc":{"Dur\u00e9e de lecture estim\u00e9e":"2 minutes"},"schema":{"@context":"https:\/\/schema.org","@graph":[{"@type":"WebPage","@id":"https:\/\/clariprod.com\/fr\/landing-page\/","url":"https:\/\/clariprod.com\/fr\/landing-page\/","name":"Landing page - Clariprod","isPartOf":{"@id":"https:\/\/clariprod.com\/#website"},"datePublished":"2024-10-23T00:06:43+00:00","dateModified":"2024-10-24T23:15:49+00:00","breadcrumb":{"@id":"https:\/\/clariprod.com\/fr\/landing-page\/#breadcrumb"},"inLanguage":"fr-FR","potentialAction":[{"@type":"ReadAction","target":["https:\/\/clariprod.com\/fr\/landing-page\/"]}]},{"@type":"BreadcrumbList","@id":"https:\/\/clariprod.com\/fr\/landing-page\/#breadcrumb","itemListElement":[{"@type":"ListItem","position":1,"name":"Home","item":"https:\/\/clariprod.com\/fr\/"},{"@type":"ListItem","position":2,"name":"Landing page"}]},{"@type":"WebSite","@id":"https:\/\/clariprod.com\/#website","url":"https:\/\/clariprod.com\/","name":"Clariprod","description":"","publisher":{"@id":"https:\/\/clariprod.com\/#organization"},"potentialAction":[{"@type":"SearchAction","target":{"@type":"EntryPoint","urlTemplate":"https:\/\/clariprod.com\/?s={search_term_string}"},"query-input":{"@type":"PropertyValueSpecification","valueRequired":true,"valueName":"search_term_string"}}],"inLanguage":"fr-FR"},{"@type":"Organization","@id":"https:\/\/clariprod.com\/#organization","name":"Clariprod","url":"https:\/\/clariprod.com\/","logo":{"@type":"ImageObject","inLanguage":"fr-FR","@id":"https:\/\/clariprod.com\/#\/schema\/logo\/image\/","url":"https:\/\/clariprod.com\/wp-content\/uploads\/2020\/06\/logo_web_header_white.png","contentUrl":"https:\/\/clariprod.com\/wp-content\/uploads\/2020\/06\/logo_web_header_white.png","width":164,"height":40,"caption":"Clariprod"},"image":{"@id":"https:\/\/clariprod.com\/#\/schema\/logo\/image\/"},"sameAs":["https:\/\/www.facebook.com\/Clariprod","https:\/\/www.linkedin.com\/company\/20529035\/","https:\/\/www.youtube.com\/channel\/UCnCx5VB7JBY34CRqY-5N97A"]}]}},"_links":{"self":[{"href":"https:\/\/clariprod.com\/fr\/wp-json\/wp\/v2\/pages\/6541","targetHints":{"allow":["GET"]}}],"collection":[{"href":"https:\/\/clariprod.com\/fr\/wp-json\/wp\/v2\/pages"}],"about":[{"href":"https:\/\/clariprod.com\/fr\/wp-json\/wp\/v2\/types\/page"}],"author":[{"embeddable":true,"href":"https:\/\/clariprod.com\/fr\/wp-json\/wp\/v2\/users\/16"}],"replies":[{"embeddable":true,"href":"https:\/\/clariprod.com\/fr\/wp-json\/wp\/v2\/comments?post=6541"}],"version-history":[{"count":15,"href":"https:\/\/clariprod.com\/fr\/wp-json\/wp\/v2\/pages\/6541\/revisions"}],"predecessor-version":[{"id":6563,"href":"https:\/\/clariprod.com\/fr\/wp-json\/wp\/v2\/pages\/6541\/revisions\/6563"}],"wp:attachment":[{"href":"https:\/\/clariprod.com\/fr\/wp-json\/wp\/v2\/media?parent=6541"}],"curies":[{"name":"wp","href":"https:\/\/api.w.org\/{rel}","templated":true}]}}